{"id":7268,"date":"2025-07-15T06:18:53","date_gmt":"2025-07-15T06:18:53","guid":{"rendered":"https:\/\/dev252.kodesolution.com\/finclix\/?page_id=7268"},"modified":"2025-12-03T10:34:19","modified_gmt":"2025-12-03T10:34:19","slug":"blog","status":"publish","type":"page","link":"https:\/\/precisionadvisory.pt\/en\/blog\/","title":{"rendered":"Our Blog"},"content":{"rendered":"<div data-elementor-type=\"wp-page\" data-elementor-id=\"7268\" class=\"elementor elementor-7268\">\n\t\t\t\t<div class=\"elementor-element elementor-element-60864bd e-flex e-con-boxed tm-col-stretched-none tm-bg-color-over-image e-con e-parent\" data-id=\"60864bd\" data-element_type=\"container\">\n\t\t\t\t\t<div class=\"e-con-inner\">\n\t\t<div class=\"elementor-element elementor-element-8687294 e-con-full e-flex tm-col-stretched-none tm-bg-color-over-image e-con e-child\" data-id=\"8687294\" data-element_type=\"container\">\n\t\t\t\t<div class=\"elementor-element elementor-element-10a8c57 elementor-widget elementor-widget-tm-ele-blog\" data-id=\"10a8c57\" data-element_type=\"widget\" data-widget_type=\"tm-ele-blog.skin-style-current-theme1\">\n\t\t\t\t<div class=\"elementor-widget-container\">\n\t\t\t\t\t\t<div class=\"tm-sc-blog tm-sc-blog-grid\">\r\n\t\t\r\n\t\r\n\t\t<!-- Isotope Gallery Grid -->\r\n\t\t<div id=\"blog-holder-284387\" class=\"isotope-layout grid-3 gutter-15 clearfix\">\r\n\t\t\t<div class=\"isotope-layout-inner\">\r\n\r\n\t\t\t\t<!-- the loop -->\r\n\t\t\t\t\t\t\t\t\t\t\t\t\t\t\t\t<div class=\"isotope-item blog\">\r\n\t\t\t\t\t<div class=\"isotope-item-inner\" data-wow-delay=\"\">\r\n\t\t\t\t\t\t<article class=\"post-968 post type-post status-publish format-standard has-post-thumbnail hentry category-blog\">\r\n\t<div class=\"blog-item-current-style1\">\r\n  <div class=\"news-image\">\r\n\r\n    <div class=\"post-thumb lightgallery-lightbox\">\r\n\t\r\n\t<div class=\"post-thumb-inner\">\r\n\t\t<div class=\"thumb\">\r\n\t\t\t<img fetchpriority=\"high\" decoding=\"async\" src=\"https:\/\/precisionadvisory.pt\/wp-content\/uploads\/2025\/07\/top-view-business-man-hands-working-laptop-tablet-pc-wooden-desk-1-672x448.jpg\" width=\"672\" height=\"448\" alt=\"Local Accommodation: tax obligations and good management practices\"\/>\r\n\t\t<\/div>\r\n\t<\/div>\r\n\t<\/div>    <div class=\"post-thumb lightgallery-lightbox\">\r\n\t\r\n\t<div class=\"post-thumb-inner\">\r\n\t\t<div class=\"thumb\">\r\n\t\t\t<img fetchpriority=\"high\" decoding=\"async\" src=\"https:\/\/precisionadvisory.pt\/wp-content\/uploads\/2025\/07\/top-view-business-man-hands-working-laptop-tablet-pc-wooden-desk-1-672x448.jpg\" width=\"672\" height=\"448\" alt=\"Local Accommodation: tax obligations and good management practices\"\/>\r\n\t\t<\/div>\r\n\t<\/div>\r\n\t<\/div>\r\n                    <div class=\"post-single-meta\">\r\n            \t\t\t<a href=\"https:\/\/precisionadvisory.pt\/en\/local-accommodation-tax-obligations-and-good-management-practices\/\" rel=\"bookmark\"><time class=\"entry-date\" datetime=\"2025-07-15T08:39:58+00:00\"><span class=\"day\">15<\/span> <span class=\"month\">Jul<\/span><span class=\"year\">, 2025<\/span><\/time><\/a>\t          <\/div>\r\n              \r\n  <\/div>\r\n  <div class=\"news-content\">\r\n\r\n          \t<ul class=\"entry-meta list-inline\">\r\n\t\t\t\t<li class=\"list-inline-item posted-date\"><i class=\"fa fa-calendar-o\"><\/i> <a href=\"https:\/\/precisionadvisory.pt\/en\/local-accommodation-tax-obligations-and-good-management-practices\/\" rel=\"bookmark\"><time class=\"entry-date published updated\" datetime=\"2025-07-15T08:39:58+00:00\">July 15, 2025<\/time><\/a><\/li>\r\n\t\t<\/ul>\r\n\t    \r\n          <h4 class=\"entry-title\"><a href=\"https:\/\/precisionadvisory.pt\/en\/local-accommodation-tax-obligations-and-good-management-practices\/\" rel=\"bookmark\">Local Accommodation: tax obligations and good management practices<\/a><\/h4>    \r\n          <div class=\"btn-view-details post-btn-readmore\">\r\n    <a href=\"https:\/\/precisionadvisory.pt\/en\/local-accommodation-tax-obligations-and-good-management-practices\/\"\r\n      class=\"btn btn-plain-text-with-arrow-right btn-round\">\r\n      Read More    <\/a>\r\n<\/div>    \r\n  <\/div>\r\n<\/div><\/article>\t\t\t\t\t<\/div>\r\n\t\t\t\t<\/div>\r\n\t\t\t\t\t\t\t\t\t\t\t\t\t\t\t\t<div class=\"isotope-item blog\">\r\n\t\t\t\t\t<div class=\"isotope-item-inner\" data-wow-delay=\"\">\r\n\t\t\t\t\t\t<article class=\"post-969 post type-post status-publish format-standard has-post-thumbnail hentry category-blog\">\r\n\t<div class=\"blog-item-current-style1\">\r\n  <div class=\"news-image\">\r\n\r\n    <div class=\"post-thumb lightgallery-lightbox\">\r\n\t\r\n\t<div class=\"post-thumb-inner\">\r\n\t\t<div class=\"thumb\">\r\n\t\t\t<img decoding=\"async\" src=\"https:\/\/precisionadvisory.pt\/wp-content\/uploads\/2025\/07\/blog-saude-financeira-672x448.jpg\" width=\"672\" height=\"448\" alt=\"Treasury management: good practices to maintain financial health\"\/>\r\n\t\t<\/div>\r\n\t<\/div>\r\n\t<\/div>    <div class=\"post-thumb lightgallery-lightbox\">\r\n\t\r\n\t<div class=\"post-thumb-inner\">\r\n\t\t<div class=\"thumb\">\r\n\t\t\t<img decoding=\"async\" src=\"https:\/\/precisionadvisory.pt\/wp-content\/uploads\/2025\/07\/blog-saude-financeira-672x448.jpg\" width=\"672\" height=\"448\" alt=\"Treasury management: good practices to maintain financial health\"\/>\r\n\t\t<\/div>\r\n\t<\/div>\r\n\t<\/div>\r\n                    <div class=\"post-single-meta\">\r\n            \t\t\t<a href=\"https:\/\/precisionadvisory.pt\/en\/treasury-management-good-practices-to-maintain-financial-health\/\" rel=\"bookmark\"><time class=\"entry-date\" datetime=\"2025-07-15T08:38:15+00:00\"><span class=\"day\">15<\/span> <span class=\"month\">Jul<\/span><span class=\"year\">, 2025<\/span><\/time><\/a>\t          <\/div>\r\n              \r\n  <\/div>\r\n  <div class=\"news-content\">\r\n\r\n          \t<ul class=\"entry-meta list-inline\">\r\n\t\t\t\t<li class=\"list-inline-item posted-date\"><i class=\"fa fa-calendar-o\"><\/i> <a href=\"https:\/\/precisionadvisory.pt\/en\/treasury-management-good-practices-to-maintain-financial-health\/\" rel=\"bookmark\"><time class=\"entry-date published updated\" datetime=\"2025-07-15T08:38:15+00:00\">July 15, 2025<\/time><\/a><\/li>\r\n\t\t<\/ul>\r\n\t    \r\n          <h4 class=\"entry-title\"><a href=\"https:\/\/precisionadvisory.pt\/en\/treasury-management-good-practices-to-maintain-financial-health\/\" rel=\"bookmark\">Treasury management: good practices to maintain financial health<\/a><\/h4>    \r\n          <div class=\"btn-view-details post-btn-readmore\">\r\n    <a href=\"https:\/\/precisionadvisory.pt\/en\/treasury-management-good-practices-to-maintain-financial-health\/\"\r\n      class=\"btn btn-plain-text-with-arrow-right btn-round\">\r\n      Read More    <\/a>\r\n<\/div>    \r\n  <\/div>\r\n<\/div><\/article>\t\t\t\t\t<\/div>\r\n\t\t\t\t<\/div>\r\n\t\t\t\t\t\t\t\t\t\t\t\t\t\t\t\t<div class=\"isotope-item blog\">\r\n\t\t\t\t\t<div class=\"isotope-item-inner\" data-wow-delay=\"\">\r\n\t\t\t\t\t\t<article class=\"post-7457 post type-post status-publish format-standard has-post-thumbnail hentry category-blog\">\r\n\t<div class=\"blog-item-current-style1\">\r\n  <div class=\"news-image\">\r\n\r\n    <div class=\"post-thumb lightgallery-lightbox\">\r\n\t\r\n\t<div class=\"post-thumb-inner\">\r\n\t\t<div class=\"thumb\">\r\n\t\t\t<img decoding=\"async\" src=\"https:\/\/precisionadvisory.pt\/wp-content\/uploads\/2025\/07\/planeamento-financeiro-672x448.jpg\" width=\"672\" height=\"448\" alt=\"Financial planning: the secret to stronger companies\"\/>\r\n\t\t<\/div>\r\n\t<\/div>\r\n\t<\/div>    <div class=\"post-thumb lightgallery-lightbox\">\r\n\t\r\n\t<div class=\"post-thumb-inner\">\r\n\t\t<div class=\"thumb\">\r\n\t\t\t<img decoding=\"async\" src=\"https:\/\/precisionadvisory.pt\/wp-content\/uploads\/2025\/07\/planeamento-financeiro-672x448.jpg\" width=\"672\" height=\"448\" alt=\"Financial planning: the secret to stronger companies\"\/>\r\n\t\t<\/div>\r\n\t<\/div>\r\n\t<\/div>\r\n                    <div class=\"post-single-meta\">\r\n            \t\t\t<a href=\"https:\/\/precisionadvisory.pt\/en\/financial-planning-the-secret-to-stronger-businesses\/\" rel=\"bookmark\"><time class=\"entry-date\" datetime=\"2025-07-15T08:22:15+00:00\"><span class=\"day\">15<\/span> <span class=\"month\">Jul<\/span><span class=\"year\">, 2025<\/span><\/time><\/a>\t          <\/div>\r\n              \r\n  <\/div>\r\n  <div class=\"news-content\">\r\n\r\n          \t<ul class=\"entry-meta list-inline\">\r\n\t\t\t\t<li class=\"list-inline-item posted-date\"><i class=\"fa fa-calendar-o\"><\/i> <a href=\"https:\/\/precisionadvisory.pt\/en\/financial-planning-the-secret-to-stronger-businesses\/\" rel=\"bookmark\"><time class=\"entry-date published updated\" datetime=\"2025-07-15T08:22:15+00:00\">July 15, 2025<\/time><\/a><\/li>\r\n\t\t<\/ul>\r\n\t    \r\n          <h4 class=\"entry-title\"><a href=\"https:\/\/precisionadvisory.pt\/en\/financial-planning-the-secret-to-stronger-businesses\/\" rel=\"bookmark\">Financial planning: the secret to stronger companies<\/a><\/h4>    \r\n          <div class=\"btn-view-details post-btn-readmore\">\r\n    <a href=\"https:\/\/precisionadvisory.pt\/en\/financial-planning-the-secret-to-stronger-businesses\/\"\r\n      class=\"btn btn-plain-text-with-arrow-right btn-round\">\r\n      Read More    <\/a>\r\n<\/div>    \r\n  <\/div>\r\n<\/div><\/article>\t\t\t\t\t<\/div>\r\n\t\t\t\t<\/div>\r\n\t\t\t\t\t\t\t\t\t\t\t\t\t\t\t\t<div class=\"isotope-item blog\">\r\n\t\t\t\t\t<div class=\"isotope-item-inner\" data-wow-delay=\"\">\r\n\t\t\t\t\t\t<article class=\"post-7462 post type-post status-publish format-standard has-post-thumbnail hentry category-blog\">\r\n\t<div class=\"blog-item-current-style1\">\r\n  <div class=\"news-image\">\r\n\r\n    <div class=\"post-thumb lightgallery-lightbox\">\r\n\t\r\n\t<div class=\"post-thumb-inner\">\r\n\t\t<div class=\"thumb\">\r\n\t\t\t<img loading=\"lazy\" decoding=\"async\" src=\"https:\/\/precisionadvisory.pt\/wp-content\/uploads\/2025\/07\/blog_-5-erros-672x448.jpg\" width=\"672\" height=\"448\" alt=\"5 tax mistakes that small businesses should avoid\"\/>\r\n\t\t<\/div>\r\n\t<\/div>\r\n\t<\/div>    <div class=\"post-thumb lightgallery-lightbox\">\r\n\t\r\n\t<div class=\"post-thumb-inner\">\r\n\t\t<div class=\"thumb\">\r\n\t\t\t<img loading=\"lazy\" decoding=\"async\" src=\"https:\/\/precisionadvisory.pt\/wp-content\/uploads\/2025\/07\/blog_-5-erros-672x448.jpg\" width=\"672\" height=\"448\" alt=\"5 tax mistakes that small businesses should avoid\"\/>\r\n\t\t<\/div>\r\n\t<\/div>\r\n\t<\/div>\r\n                    <div class=\"post-single-meta\">\r\n            \t\t\t<a href=\"https:\/\/precisionadvisory.pt\/en\/5-tax-mistakes-that-small-businesses-should-avoid\/\" rel=\"bookmark\"><time class=\"entry-date\" datetime=\"2025-07-15T08:21:00+00:00\"><span class=\"day\">15<\/span> <span class=\"month\">Jul<\/span><span class=\"year\">, 2025<\/span><\/time><\/a>\t          <\/div>\r\n              \r\n  <\/div>\r\n  <div class=\"news-content\">\r\n\r\n          \t<ul class=\"entry-meta list-inline\">\r\n\t\t\t\t<li class=\"list-inline-item posted-date\"><i class=\"fa fa-calendar-o\"><\/i> <a href=\"https:\/\/precisionadvisory.pt\/en\/5-tax-mistakes-that-small-businesses-should-avoid\/\" rel=\"bookmark\"><time class=\"entry-date published updated\" datetime=\"2025-07-15T08:21:00+00:00\">July 15, 2025<\/time><\/a><\/li>\r\n\t\t<\/ul>\r\n\t    \r\n          <h4 class=\"entry-title\"><a href=\"https:\/\/precisionadvisory.pt\/en\/5-tax-mistakes-that-small-businesses-should-avoid\/\" rel=\"bookmark\">5 tax mistakes that small businesses should avoid<\/a><\/h4>    \r\n          <div class=\"btn-view-details post-btn-readmore\">\r\n    <a href=\"https:\/\/precisionadvisory.pt\/en\/5-tax-mistakes-that-small-businesses-should-avoid\/\"\r\n      class=\"btn btn-plain-text-with-arrow-right btn-round\">\r\n      Read More    <\/a>\r\n<\/div>    \r\n  <\/div>\r\n<\/div><\/article>\t\t\t\t\t<\/div>\r\n\t\t\t\t<\/div>\r\n\t\t\t\t\t\t\t\t\t\t\t\t\t\t\t\t<div class=\"isotope-item blog\">\r\n\t\t\t\t\t<div class=\"isotope-item-inner\" data-wow-delay=\"\">\r\n\t\t\t\t\t\t<article class=\"post-7455 post type-post status-publish format-standard has-post-thumbnail hentry category-blog\">\r\n\t<div class=\"blog-item-current-style1\">\r\n  <div class=\"news-image\">\r\n\r\n    <div class=\"post-thumb lightgallery-lightbox\">\r\n\t\r\n\t<div class=\"post-thumb-inner\">\r\n\t\t<div class=\"thumb\">\r\n\t\t\t<img loading=\"lazy\" decoding=\"async\" src=\"https:\/\/precisionadvisory.pt\/wp-content\/uploads\/2025\/07\/blog_digital-672x448.jpg\" width=\"672\" height=\"448\" alt=\"Digital accounting: how technology is transforming financial management\"\/>\r\n\t\t<\/div>\r\n\t<\/div>\r\n\t<\/div>    <div class=\"post-thumb lightgallery-lightbox\">\r\n\t\r\n\t<div class=\"post-thumb-inner\">\r\n\t\t<div class=\"thumb\">\r\n\t\t\t<img loading=\"lazy\" decoding=\"async\" src=\"https:\/\/precisionadvisory.pt\/wp-content\/uploads\/2025\/07\/blog_digital-672x448.jpg\" width=\"672\" height=\"448\" alt=\"Digital accounting: how technology is transforming financial management\"\/>\r\n\t\t<\/div>\r\n\t<\/div>\r\n\t<\/div>\r\n                    <div class=\"post-single-meta\">\r\n            \t\t\t<a href=\"https:\/\/precisionadvisory.pt\/en\/digital-accounting-how-technology-is-transforming-financial-management\/\" rel=\"bookmark\"><time class=\"entry-date\" datetime=\"2025-07-15T08:20:45+00:00\"><span class=\"day\">15<\/span> <span class=\"month\">Jul<\/span><span class=\"year\">, 2025<\/span><\/time><\/a>\t          <\/div>\r\n              \r\n  <\/div>\r\n  <div class=\"news-content\">\r\n\r\n          \t<ul class=\"entry-meta list-inline\">\r\n\t\t\t\t<li class=\"list-inline-item posted-date\"><i class=\"fa fa-calendar-o\"><\/i> <a href=\"https:\/\/precisionadvisory.pt\/en\/digital-accounting-how-technology-is-transforming-financial-management\/\" rel=\"bookmark\"><time class=\"entry-date published updated\" datetime=\"2025-07-15T08:20:45+00:00\">July 15, 2025<\/time><\/a><\/li>\r\n\t\t<\/ul>\r\n\t    \r\n          <h4 class=\"entry-title\"><a href=\"https:\/\/precisionadvisory.pt\/en\/digital-accounting-how-technology-is-transforming-financial-management\/\" rel=\"bookmark\">Digital accounting: how technology is transforming financial management<\/a><\/h4>    \r\n          <div class=\"btn-view-details post-btn-readmore\">\r\n    <a href=\"https:\/\/precisionadvisory.pt\/en\/digital-accounting-how-technology-is-transforming-financial-management\/\"\r\n      class=\"btn btn-plain-text-with-arrow-right btn-round\">\r\n      Read More    <\/a>\r\n<\/div>    \r\n  <\/div>\r\n<\/div><\/article>\t\t\t\t\t<\/div>\r\n\t\t\t\t<\/div>\r\n\t\t\t\t\t\t\t\t<!-- end of the loop -->\r\n\t\t\t<\/div>\r\n\t\t<\/div>\r\n\t\t\t<\/div>\r\n\r\n\r\n\t\t\t\t<\/div>\n\t\t\t\t<\/div>\n\t\t\t\t<\/div>\n\t\t\t\t\t<\/div>\n\t\t\t\t<\/div>\n\t\t\t\t<\/div>","protected":false},"excerpt":{"rendered":"<p>15 Jul, 2025 Julho 15, 2025 Alojamento Local: obriga\u00e7\u00f5es fiscais e boas pr\u00e1ticas de gest\u00e3o Ler Mais 15 Jul, 2025&#8230;<\/p>","protected":false},"author":1,"featured_media":0,"parent":0,"menu_order":0,"comment_status":"closed","ping_status":"closed","template":"","meta":{"footnotes":""},"class_list":["post-7268","page","type-page","status-publish","hentry"],"yoast_head":"<!-- This site is optimized with the Yoast SEO plugin v26.4 - https:\/\/yoast.com\/wordpress\/plugins\/seo\/ -->\n<title>O Nosso Blog - Precision Advisory<\/title>\n<meta name=\"description\" content=\"Somos uma equipa de profissionais especializados em contabilidade, fiscalidade e consultoria de gest\u00e3o, localizados em Lagoa, Algarve, Portugal\" \/>\n<meta name=\"robots\" content=\"index, follow, max-snippet:-1, max-image-preview:large, max-video-preview:-1\" \/>\n<link rel=\"canonical\" href=\"https:\/\/precisionadvisory.pt\/en\/blog\/\" \/>\n<meta property=\"og:locale\" content=\"en_GB\" \/>\n<meta property=\"og:type\" content=\"article\" \/>\n<meta property=\"og:title\" content=\"O Nosso Blog - Precision Advisory\" \/>\n<meta property=\"og:description\" content=\"Somos uma equipa de profissionais especializados em contabilidade, fiscalidade e consultoria de gest\u00e3o, localizados em Lagoa, Algarve, Portugal\" \/>\n<meta property=\"og:url\" content=\"https:\/\/precisionadvisory.pt\/en\/blog\/\" \/>\n<meta property=\"og:site_name\" content=\"Precision Advisory\" \/>\n<meta property=\"article:modified_time\" content=\"2025-12-03T10:34:19+00:00\" \/>\n<meta property=\"og:image\" content=\"https:\/\/precisionadvisory.pt\/wp-content\/uploads\/2025\/10\/presentation-img.jpg\" \/>\n\t<meta property=\"og:image:width\" content=\"300\" \/>\n\t<meta property=\"og:image:height\" content=\"300\" \/>\n\t<meta property=\"og:image:type\" content=\"image\/jpeg\" \/>\n<meta name=\"twitter:card\" content=\"summary_large_image\" \/>\n<meta name=\"twitter:label1\" content=\"Estimated reading time\" \/>\n\t<meta name=\"twitter:data1\" content=\"3 minutes\" \/>\n<script type=\"application\/ld+json\" class=\"yoast-schema-graph\">{\"@context\":\"https:\/\/schema.org\",\"@graph\":[{\"@type\":\"WebPage\",\"@id\":\"https:\/\/precisionadvisory.pt\/blog\/\",\"url\":\"https:\/\/precisionadvisory.pt\/blog\/\",\"name\":\"O Nosso Blog - Precision Advisory\",\"isPartOf\":{\"@id\":\"https:\/\/precisionadvisory.pt\/#website\"},\"primaryImageOfPage\":{\"@id\":\"https:\/\/precisionadvisory.pt\/blog\/#primaryimage\"},\"image\":{\"@id\":\"https:\/\/precisionadvisory.pt\/blog\/#primaryimage\"},\"thumbnailUrl\":\"https:\/\/precisionadvisory.pt\/wp-content\/uploads\/2025\/07\/top-view-business-man-hands-working-laptop-tablet-pc-wooden-desk-1-672x448.jpg\",\"datePublished\":\"2025-07-15T06:18:53+00:00\",\"dateModified\":\"2025-12-03T10:34:19+00:00\",\"description\":\"Somos uma equipa de profissionais especializados em contabilidade, fiscalidade e consultoria de gest\u00e3o, localizados em Lagoa, Algarve, Portugal\",\"breadcrumb\":{\"@id\":\"https:\/\/precisionadvisory.pt\/blog\/#breadcrumb\"},\"inLanguage\":\"en-GB\",\"potentialAction\":[{\"@type\":\"ReadAction\",\"target\":[\"https:\/\/precisionadvisory.pt\/blog\/\"]}]},{\"@type\":\"ImageObject\",\"inLanguage\":\"en-GB\",\"@id\":\"https:\/\/precisionadvisory.pt\/blog\/#primaryimage\",\"url\":\"https:\/\/precisionadvisory.pt\/wp-content\/uploads\/2025\/07\/top-view-business-man-hands-working-laptop-tablet-pc-wooden-desk-1-672x448.jpg\",\"contentUrl\":\"https:\/\/precisionadvisory.pt\/wp-content\/uploads\/2025\/07\/top-view-business-man-hands-working-laptop-tablet-pc-wooden-desk-1-672x448.jpg\"},{\"@type\":\"BreadcrumbList\",\"@id\":\"https:\/\/precisionadvisory.pt\/blog\/#breadcrumb\",\"itemListElement\":[{\"@type\":\"ListItem\",\"position\":1,\"name\":\"In\u00edcio\",\"item\":\"https:\/\/precisionadvisory.pt\/\"},{\"@type\":\"ListItem\",\"position\":2,\"name\":\"O Nosso Blog\"}]},{\"@type\":\"WebSite\",\"@id\":\"https:\/\/precisionadvisory.pt\/#website\",\"url\":\"https:\/\/precisionadvisory.pt\/\",\"name\":\"Precision Advisory\",\"description\":\"Somos uma equipa de profissionais especializados em contabilidade, fiscalidade e consultoria de gest\u00e3o, localizados em Lagoa, Algarve, Portugal\",\"publisher\":{\"@id\":\"https:\/\/precisionadvisory.pt\/#organization\"},\"potentialAction\":[{\"@type\":\"SearchAction\",\"target\":{\"@type\":\"EntryPoint\",\"urlTemplate\":\"https:\/\/precisionadvisory.pt\/?s={search_term_string}\"},\"query-input\":{\"@type\":\"PropertyValueSpecification\",\"valueRequired\":true,\"valueName\":\"search_term_string\"}}],\"inLanguage\":\"en-GB\"},{\"@type\":\"Organization\",\"@id\":\"https:\/\/precisionadvisory.pt\/#organization\",\"name\":\"Precision Advisory- Contabilidade & Consultoria, Lda\",\"url\":\"https:\/\/precisionadvisory.pt\/\",\"logo\":{\"@type\":\"ImageObject\",\"inLanguage\":\"en-GB\",\"@id\":\"https:\/\/precisionadvisory.pt\/#\/schema\/logo\/image\/\",\"url\":\"https:\/\/precisionadvisory.pt\/wp-content\/uploads\/2025\/10\/presentation-img.jpg\",\"contentUrl\":\"https:\/\/precisionadvisory.pt\/wp-content\/uploads\/2025\/10\/presentation-img.jpg\",\"width\":300,\"height\":300,\"caption\":\"Precision Advisory- Contabilidade & Consultoria, Lda\"},\"image\":{\"@id\":\"https:\/\/precisionadvisory.pt\/#\/schema\/logo\/image\/\"}}]}<\/script>\n<!-- \/ Yoast SEO plugin. -->","yoast_head_json":{"title":"Our Blog - Precision Advisory","description":"We are a team of professionals specialising in accounting, taxation and management consultancy, located in Lagoa, Algarve, Portugal","robots":{"index":"index","follow":"follow","max-snippet":"max-snippet:-1","max-image-preview":"max-image-preview:large","max-video-preview":"max-video-preview:-1"},"canonical":"https:\/\/precisionadvisory.pt\/en\/blog\/","og_locale":"en_GB","og_type":"article","og_title":"O Nosso Blog - Precision Advisory","og_description":"Somos uma equipa de profissionais especializados em contabilidade, fiscalidade e consultoria de gest\u00e3o, localizados em Lagoa, Algarve, Portugal","og_url":"https:\/\/precisionadvisory.pt\/en\/blog\/","og_site_name":"Precision Advisory","article_modified_time":"2025-12-03T10:34:19+00:00","og_image":[{"width":300,"height":300,"url":"https:\/\/precisionadvisory.pt\/wp-content\/uploads\/2025\/10\/presentation-img.jpg","type":"image\/jpeg"}],"twitter_card":"summary_large_image","twitter_misc":{"Estimated reading time":"3 minutes"},"schema":{"@context":"https:\/\/schema.org","@graph":[{"@type":"WebPage","@id":"https:\/\/precisionadvisory.pt\/blog\/","url":"https:\/\/precisionadvisory.pt\/blog\/","name":"Our Blog - Precision Advisory","isPartOf":{"@id":"https:\/\/precisionadvisory.pt\/#website"},"primaryImageOfPage":{"@id":"https:\/\/precisionadvisory.pt\/blog\/#primaryimage"},"image":{"@id":"https:\/\/precisionadvisory.pt\/blog\/#primaryimage"},"thumbnailUrl":"https:\/\/precisionadvisory.pt\/wp-content\/uploads\/2025\/07\/top-view-business-man-hands-working-laptop-tablet-pc-wooden-desk-1-672x448.jpg","datePublished":"2025-07-15T06:18:53+00:00","dateModified":"2025-12-03T10:34:19+00:00","description":"We are a team of professionals specialising in accounting, taxation and management consultancy, located in Lagoa, Algarve, Portugal","breadcrumb":{"@id":"https:\/\/precisionadvisory.pt\/blog\/#breadcrumb"},"inLanguage":"en-GB","potentialAction":[{"@type":"ReadAction","target":["https:\/\/precisionadvisory.pt\/blog\/"]}]},{"@type":"ImageObject","inLanguage":"en-GB","@id":"https:\/\/precisionadvisory.pt\/blog\/#primaryimage","url":"https:\/\/precisionadvisory.pt\/wp-content\/uploads\/2025\/07\/top-view-business-man-hands-working-laptop-tablet-pc-wooden-desk-1-672x448.jpg","contentUrl":"https:\/\/precisionadvisory.pt\/wp-content\/uploads\/2025\/07\/top-view-business-man-hands-working-laptop-tablet-pc-wooden-desk-1-672x448.jpg"},{"@type":"BreadcrumbList","@id":"https:\/\/precisionadvisory.pt\/blog\/#breadcrumb","itemListElement":[{"@type":"ListItem","position":1,"name":"In\u00edcio","item":"https:\/\/precisionadvisory.pt\/"},{"@type":"ListItem","position":2,"name":"O Nosso Blog"}]},{"@type":"WebSite","@id":"https:\/\/precisionadvisory.pt\/#website","url":"https:\/\/precisionadvisory.pt\/","name":"Precision Advisory","description":"We are a team of professionals specialising in accounting, taxation and management consultancy, located in Lagoa, Algarve, Portugal","publisher":{"@id":"https:\/\/precisionadvisory.pt\/#organization"},"potentialAction":[{"@type":"SearchAction","target":{"@type":"EntryPoint","urlTemplate":"https:\/\/precisionadvisory.pt\/?s={search_term_string}"},"query-input":{"@type":"PropertyValueSpecification","valueRequired":true,"valueName":"search_term_string"}}],"inLanguage":"en-GB"},{"@type":"Organization","@id":"https:\/\/precisionadvisory.pt\/#organization","name":"Precision Advisory- Accounting &amp; Consultancy, Lda","url":"https:\/\/precisionadvisory.pt\/","logo":{"@type":"ImageObject","inLanguage":"en-GB","@id":"https:\/\/precisionadvisory.pt\/#\/schema\/logo\/image\/","url":"https:\/\/precisionadvisory.pt\/wp-content\/uploads\/2025\/10\/presentation-img.jpg","contentUrl":"https:\/\/precisionadvisory.pt\/wp-content\/uploads\/2025\/10\/presentation-img.jpg","width":300,"height":300,"caption":"Precision Advisory- Contabilidade & Consultoria, Lda"},"image":{"@id":"https:\/\/precisionadvisory.pt\/#\/schema\/logo\/image\/"}}]}},"_links":{"self":[{"href":"https:\/\/precisionadvisory.pt\/en\/wp-json\/wp\/v2\/pages\/7268","targetHints":{"allow":["GET"]}}],"collection":[{"href":"https:\/\/precisionadvisory.pt\/en\/wp-json\/wp\/v2\/pages"}],"about":[{"href":"https:\/\/precisionadvisory.pt\/en\/wp-json\/wp\/v2\/types\/page"}],"author":[{"embeddable":true,"href":"https:\/\/precisionadvisory.pt\/en\/wp-json\/wp\/v2\/users\/1"}],"replies":[{"embeddable":true,"href":"https:\/\/precisionadvisory.pt\/en\/wp-json\/wp\/v2\/comments?post=7268"}],"version-history":[{"count":10,"href":"https:\/\/precisionadvisory.pt\/en\/wp-json\/wp\/v2\/pages\/7268\/revisions"}],"predecessor-version":[{"id":13471,"href":"https:\/\/precisionadvisory.pt\/en\/wp-json\/wp\/v2\/pages\/7268\/revisions\/13471"}],"wp:attachment":[{"href":"https:\/\/precisionadvisory.pt\/en\/wp-json\/wp\/v2\/media?parent=7268"}],"curies":[{"name":"wp","href":"https:\/\/api.w.org\/{rel}","templated":true}]}}