{"id":7242,"date":"2025-07-15T06:11:11","date_gmt":"2025-07-15T06:11:11","guid":{"rendered":"https:\/\/dev252.kodesolution.com\/finclix\/?page_id=7242"},"modified":"2025-10-29T11:33:53","modified_gmt":"2025-10-29T11:33:53","slug":"about","status":"publish","type":"page","link":"https:\/\/precisionadvisory.pt\/en\/about\/","title":{"rendered":"About Us"},"content":{"rendered":"<div data-elementor-type=\"wp-page\" data-elementor-id=\"7242\" class=\"elementor elementor-7242\">\n\t\t\t\t<div class=\"elementor-element elementor-element-5645db7e e-flex e-con-boxed tm-col-stretched-none tm-bg-color-over-image e-con e-parent\" data-id=\"5645db7e\" data-element_type=\"container\" data-settings=\"{&quot;background_background&quot;:&quot;classic&quot;}\">\n\t\t\t\t\t<div class=\"e-con-inner\">\n\t\t<div class=\"elementor-element elementor-element-3aa40232 e-con-full animated-slow e-flex tm-col-stretched-none tm-bg-color-over-image e-con e-child\" data-id=\"3aa40232\" data-element_type=\"container\" data-settings=\"{&quot;animation&quot;:&quot;none&quot;}\">\n\t\t<div class=\"elementor-element elementor-element-9f086c8 e-con-full animated-slow e-flex tm-col-stretched-none tm-bg-color-over-image elementor-invisible e-con e-child\" data-id=\"9f086c8\" data-element_type=\"container\" data-settings=\"{&quot;animation&quot;:&quot;fadeInLeft&quot;}\">\n\t\t<div class=\"elementor-element elementor-element-1989f78f e-con-full e-flex tm-col-stretched-none tm-bg-color-over-image e-con e-child\" data-id=\"1989f78f\" data-element_type=\"container\" data-settings=\"{&quot;background_background&quot;:&quot;classic&quot;}\">\n\t\t\t\t<\/div>\n\t\t<div class=\"elementor-element elementor-element-66729cb e-con-full elementor-hidden-mobile e-flex tm-col-stretched-none tm-bg-color-over-image e-con e-child\" data-id=\"66729cb\" data-element_type=\"container\" data-settings=\"{&quot;background_background&quot;:&quot;classic&quot;}\">\n\t\t\t\t<\/div>\n\t\t\t\t<\/div>\n\t\t<div class=\"elementor-element elementor-element-2c77cb36 e-con-full animated-slow e-flex tm-col-stretched-none tm-bg-color-over-image elementor-invisible e-con e-child\" data-id=\"2c77cb36\" data-element_type=\"container\" data-settings=\"{&quot;animation&quot;:&quot;fadeInRight&quot;}\">\n\t\t\t\t<div class=\"elementor-element elementor-element-69f14f27 horizontal-line-align-left vertical-line-align-bottom elementor-widget elementor-widget-tm-ele-section-title\" data-id=\"69f14f27\" data-element_type=\"widget\" data-widget_type=\"tm-ele-section-title.default\">\n\t\t\t\t<div class=\"elementor-widget-container\">\n\t\t\t\t\t<div class=\"tm-sc-section-title section-title title-icon-pos-icon-top\">\r\n\t<div class=\"title-wrapper\">\r\n\t\t\t\t<img decoding=\"async\" class=\"title-icon\" src=\"https:\/\/precisionadvisory.pt\/wp-content\/uploads\/2025\/05\/thumb.png\" alt=\"icon\">\t\t\t\t\r\n\r\n<div class=\"sub-title-outer\">\r\n\t\t<div class=\"subtitle\">\r\n\r\n\t\t\r\n\t\tAbout Us\t<\/div>\r\n\t<\/div>\t\t\t<h2 class=\"title tm-split-text split-in-right\"  >\r\n\r\n\t\t\r\n\t\t\t\t<span class=\"title-part1\">More than numbers, <span style=\"color:#ffaa00;\">solutions.<\/span><\/span>\r\n\t\t\t\t\r\n\t\t\t\t\t\t\t\r\n\t<\/h2>\r\n\t<div class=\"title-seperator-line\"><\/div>\t\t\t\t\t\t<\/div>\r\n<\/div>\t\t\t\t<\/div>\n\t\t\t\t<\/div>\n\t\t\t\t<div class=\"elementor-element elementor-element-419575af elementor-widget-mobile__width-inherit elementor-widget-tablet__width-initial elementor-widget elementor-widget-tm-ele-text-editor\" data-id=\"419575af\" data-element_type=\"widget\" data-widget_type=\"tm-ele-text-editor.default\">\n\t\t\t\t<div class=\"elementor-widget-container\">\n\t\t\t\t\t\t\t<div class=\"tm-text-editor\" >\r\n\t\t<p>We are a team of professionals specialising in accounting, tax and management consultancy. Our commitment is to simplify processes, optimise results and give you peace of mind to focus on what really matters: growing your business.<\/p>\t\t<\/div>\r\n\t\t\t\t\t<\/div>\n\t\t\t\t<\/div>\n\t\t\t\t<div class=\"elementor-element elementor-element-6f2c7a66 elementor-widget__width-initial elementor-widget-mobile__width-inherit elementor-widget elementor-widget-tm-ele-iconbox\" data-id=\"6f2c7a66\" data-element_type=\"widget\" data-widget_type=\"tm-ele-iconbox.default\">\n\t\t\t\t<div class=\"elementor-widget-container\">\n\t\t\t\t\t<div class=\"tm-sc-icon-box icon-box icon-left font-icon icon-left animate-hover icon-rotate-y\">\r\n\t\r\n  \t<div class=\"icon-box-wrapper\">\r\n\t\t\r\n\t\t<div class=\"icon-wrapper\">\r\n\t\t<div class=\"icon icon-round icon-type-font-icon icon-md\">\r\n\t\t\t<i aria-hidden=\"true\" class=\"flaticon-finance-design-thinking\"><\/i>\t\t<\/div>\r\n\r\n\t\t\t<\/div>\r\n\t\t\t<div class=\"icon-text\">\r\n\t\t\t\t\t\t\r\n\t\t\t\t<h5 class=\"icon-box-title\">\r\n\t\t\t\t\t\t\tProven experience\t\t\t\t\t<\/h5>\r\n\t\t\t\t\t<div class=\"content\"><p>Our multidisciplinary team has mastered the best accounting, tax and management practices.<\/p><\/div>\r\n\t\t\t\r\n\t\t\t\r\n\t\r\n\t\t\t\t\t<\/div>\r\n\t\t<div class=\"clearfix\"><\/div>\r\n\t<\/div>\r\n<\/div>\t\t\t\t<\/div>\n\t\t\t\t<\/div>\n\t\t\t\t<div class=\"elementor-element elementor-element-65f745b elementor-widget__width-initial elementor-widget-mobile__width-inherit elementor-widget elementor-widget-tm-ele-iconbox\" data-id=\"65f745b\" data-element_type=\"widget\" data-widget_type=\"tm-ele-iconbox.default\">\n\t\t\t\t<div class=\"elementor-widget-container\">\n\t\t\t\t\t<div class=\"tm-sc-icon-box icon-box icon-left font-icon icon-left animate-hover icon-rotate-y\">\r\n\t\r\n  \t<div class=\"icon-box-wrapper\">\r\n\t\t\r\n\t\t<div class=\"icon-wrapper\">\r\n\t\t<div class=\"icon icon-round icon-type-font-icon icon-md\">\r\n\t\t\t<i aria-hidden=\"true\" class=\"flaticon-common-users\"><\/i>\t\t<\/div>\r\n\r\n\t\t\t<\/div>\r\n\t\t\t<div class=\"icon-text\">\r\n\t\t\t\t\t\t\r\n\t\t\t\t<h5 class=\"icon-box-title\">\r\n\t\t\t\t\t\t\tCustomer proximity\t\t\t\t\t<\/h5>\r\n\t\t\t\t\t<div class=\"content\"><p>We believe that each company is unique. That's why we favour personalised, transparent and accessible support.<\/p><\/div>\r\n\t\t\t\r\n\t\t\t\r\n\t\r\n\t\t\t\t\t<\/div>\r\n\t\t<div class=\"clearfix\"><\/div>\r\n\t<\/div>\r\n<\/div>\t\t\t\t<\/div>\n\t\t\t\t<\/div>\n\t\t\t\t<div class=\"elementor-element elementor-element-5f2afed7 elementor-widget__width-initial elementor-widget-mobile__width-inherit elementor-widget elementor-widget-tm-ele-iconbox\" data-id=\"5f2afed7\" data-element_type=\"widget\" data-widget_type=\"tm-ele-iconbox.default\">\n\t\t\t\t<div class=\"elementor-widget-container\">\n\t\t\t\t\t<div class=\"tm-sc-icon-box icon-box icon-left font-icon icon-left animate-hover icon-rotate-y\">\r\n\t\r\n  \t<div class=\"icon-box-wrapper\">\r\n\t\t\r\n\t\t<div class=\"icon-wrapper\">\r\n\t\t<div class=\"icon icon-round icon-type-font-icon icon-md\">\r\n\t\t\t<i aria-hidden=\"true\" class=\"flaticon-finance-target-audience\"><\/i>\t\t<\/div>\r\n\r\n\t\t\t<\/div>\r\n\t\t\t<div class=\"icon-text\">\r\n\t\t\t\t\t\t\r\n\t\t\t\t<h5 class=\"icon-box-title\">\r\n\t\t\t\t\t\t\tFocus on results\t\t\t\t\t<\/h5>\r\n\t\t\t\t\t<div class=\"content\"><p>Our goal is clear: to increase the efficiency of your business and contribute to the sustainable growth of your company.<\/p><\/div>\r\n\t\t\t\r\n\t\t\t\r\n\t\r\n\t\t\t\t\t<\/div>\r\n\t\t<div class=\"clearfix\"><\/div>\r\n\t<\/div>\r\n<\/div>\t\t\t\t<\/div>\n\t\t\t\t<\/div>\n\t\t<div class=\"elementor-element elementor-element-33b95240 e-con-full e-flex tm-col-stretched-none tm-bg-color-over-image e-con e-child\" data-id=\"33b95240\" data-element_type=\"container\">\n\t\t<div class=\"elementor-element elementor-element-6493c41b e-con-full e-flex tm-col-stretched-none tm-bg-color-over-image e-con e-child\" data-id=\"6493c41b\" data-element_type=\"container\">\n\t\t\t\t<div class=\"elementor-element elementor-element-1abc54c9 elementor-widget elementor-widget-tm-ele-theme-button\" data-id=\"1abc54c9\" data-element_type=\"widget\" data-widget_type=\"tm-ele-theme-button.skin-style3\">\n\t\t\t\t<div class=\"elementor-widget-container\">\n\t\t\t\t\t<a  href=\"\/en\/about\/\"\r\n\t\t\t\t\t\tclass=\"theme-btn btn-style3\">\r\n\t\t\t<span class=\"icon\">\r\n\t\t\t\t\t\t\t\t\t<i class=\"lnr-icon-arrow-right\"><\/i>\t\t\t\t\t\t\t<\/span>\r\n\t\t\t<span class=\"btn-title\">\r\n\t\t\t\tAbout Us\t\t\t<\/span>\r\n<\/a>\t\t\t\t<\/div>\n\t\t\t\t<\/div>\n\t\t\t\t<\/div>\n\t\t\t\t<\/div>\n\t\t\t\t<\/div>\n\t\t\t\t<\/div>\n\t\t\t\t\t<\/div>\n\t\t\t\t<\/div>\n\t\t<div class=\"elementor-element elementor-element-45aee144 tm-col-stretched-left e-flex e-con-boxed tm-bg-color-over-image e-con e-parent\" data-id=\"45aee144\" data-element_type=\"container\" data-settings=\"{&quot;background_background&quot;:&quot;classic&quot;}\">\n\t\t\t\t\t<div class=\"e-con-inner\">\n\t\t<div class=\"elementor-element elementor-element-50b440b6 e-con-full e-flex tm-col-stretched-none tm-bg-color-over-image e-con e-child\" data-id=\"50b440b6\" data-element_type=\"container\" data-settings=\"{&quot;background_background&quot;:&quot;classic&quot;}\">\n\t\t\t\t<\/div>\n\t\t<div class=\"elementor-element elementor-element-29d0ec1c e-con-full e-flex tm-col-stretched-none tm-bg-color-over-image e-con e-child\" data-id=\"29d0ec1c\" data-element_type=\"container\">\n\t\t<div class=\"elementor-element elementor-element-3844e161 e-con-full e-flex tm-col-stretched-none tm-bg-color-over-image e-con e-child\" data-id=\"3844e161\" data-element_type=\"container\">\n\t\t\t\t<div class=\"elementor-element elementor-element-5b9c589 elementor-widget__width-initial elementor-widget-mobile__width-inherit horizontal-line-align-left vertical-line-align-bottom elementor-widget elementor-widget-tm-ele-section-title\" data-id=\"5b9c589\" data-element_type=\"widget\" data-widget_type=\"tm-ele-section-title.default\">\n\t\t\t\t<div class=\"elementor-widget-container\">\n\t\t\t\t\t<div class=\"tm-sc-section-title section-title title-icon-pos-icon-top\">\r\n\t<div class=\"title-wrapper\">\r\n\t\t\t\t<img decoding=\"async\" class=\"title-icon\" src=\"https:\/\/precisionadvisory.pt\/wp-content\/uploads\/2025\/06\/meta.png\" alt=\"icon\">\t\t\t\t\r\n\r\n<div class=\"sub-title-outer\">\r\n\t\t<div class=\"subtitle\">\r\n\r\n\t\t\r\n\t\tWhy choose us\t<\/div>\r\n\t<\/div>\t\t\t<h2 class=\"title tm-split-text split-in-right\"  >\r\n\r\n\t\t\r\n\t\t\t\t<span class=\"title-part1\">Our Philosophy<\/span>\r\n\t\t\t\t\r\n\t\t\t\t\t\t\t\r\n\t<\/h2>\r\n\t<div class=\"title-seperator-line\"><\/div>\t\t\t\t\t\t<\/div>\r\n<\/div>\t\t\t\t<\/div>\n\t\t\t\t<\/div>\n\t\t\t\t<div class=\"elementor-element elementor-element-3c6cece2 animated-slow elementor-invisible elementor-widget elementor-widget-tm-ele-tabs\" data-id=\"3c6cece2\" data-element_type=\"widget\" data-settings=\"{&quot;_animation&quot;:&quot;fadeInUp&quot;}\" data-widget_type=\"tm-ele-tabs.default\">\n\t\t\t\t<div class=\"elementor-widget-container\">\n\t\t\t\t\t\t\t<div id=\"tabs-holder-505255\" class=\"tm-tabs tm-tabs-horizontal-nav\">\r\n\t\t\t\t\t<ul class=\"nav nav-tabs list-unstyled\" id=\"myTab-tabs-holder-505255\" role=\"tablist\">\r\n\t\t\t\r\n    <li class=\"nav-item active\" role=\"presentation\">\r\n      <a class=\"nav-link active\" id=\"tab-tabs-holder-505255-1-tab\" data-bs-toggle=\"tab\" href=\"#tab-tabs-holder-505255-1\" role=\"tab\" aria-controls=\"tab-tabs-holder-505255-1\" aria-selected=\"true\">\r\n\r\n        \r\n        <span class=\"tabs-title\">Mission<\/span>\r\n      <\/a>\r\n    <\/li>\r\n\r\n    <li class=\"nav-item\" role=\"presentation\">\r\n      <a class=\"nav-link\" id=\"tab-tabs-holder-505255-2-tab\" data-bs-toggle=\"tab\" href=\"#tab-tabs-holder-505255-2\" role=\"tab\" aria-controls=\"tab-tabs-holder-505255-2\" aria-selected=\"true\">\r\n\r\n        \r\n        <span class=\"tabs-title\">Vision<\/span>\r\n      <\/a>\r\n    <\/li>\r\n\r\n    <li class=\"nav-item\" role=\"presentation\">\r\n      <a class=\"nav-link\" id=\"tab-tabs-holder-505255-3-tab\" data-bs-toggle=\"tab\" href=\"#tab-tabs-holder-505255-3\" role=\"tab\" aria-controls=\"tab-tabs-holder-505255-3\" aria-selected=\"true\">\r\n\r\n        \r\n        <span class=\"tabs-title\">Values<\/span>\r\n      <\/a>\r\n    <\/li>\r\n\t\t\t<\/ul>\r\n\t\t\r\n\r\n\t\t\t\t\t<div class=\"tab-content\" id=\"myTabContent-tabs-holder-505255\">\r\n\t\t\t    <div class=\"tab-pane fade show active\" id=\"tab-tabs-holder-505255-1\" role=\"tabpanel\" aria-labelledby=\"tab-tabs-holder-505255-1-tab\">\r\n      <div class=\"tab-content-inner\">\r\n      <p>Our mission is to simplify the financial lives of companies and entrepreneurs, guaranteeing rigour, transparency and strategic solutions that add real value to the business. We work hand in hand with our clients so that they can focus on growth, while ensuring solid, efficient and always legally compliant accounting and tax management.<\/p>      <\/div>\r\n    <\/div>    <div class=\"tab-pane fade\" id=\"tab-tabs-holder-505255-2\" role=\"tabpanel\" aria-labelledby=\"tab-tabs-holder-505255-2-tab\">\r\n      <div class=\"tab-content-inner\">\r\n      <p data-start=\"641\" data-end=\"963\">To be recognised as the benchmark partner in accounting and business consultancy in Portugal, distinguishing ourselves through innovation, quality of service and proximity. We want to be more than service providers. We aspire to be strategic allies in the success and sustainability of the companies that trust us.<\/p>      <\/div>\r\n    <\/div>    <div class=\"tab-pane fade\" id=\"tab-tabs-holder-505255-3\" role=\"tabpanel\" aria-labelledby=\"tab-tabs-holder-505255-3-tab\">\r\n      <div class=\"tab-content-inner\">\r\n      <p>We are guided by integrity and professionalism, building close relationships based on trust. We are committed to innovation in order to simplify processes and we always keep our focus on the client, creating tailor-made solutions that drive sustainable business growth.<\/p>      <\/div>\r\n    <\/div>\t\t\t<\/div>\r\n\t\t\t\t<\/div>\r\n\t\t\t\t\t<\/div>\n\t\t\t\t<\/div>\n\t\t<div class=\"elementor-element elementor-element-d6cb4c7 e-con-full e-flex tm-col-stretched-none tm-bg-color-over-image e-con e-child\" data-id=\"d6cb4c7\" data-element_type=\"container\">\n\t\t\t\t<div class=\"elementor-element elementor-element-0789416 elementor-widget elementor-widget-tm-ele-theme-button\" data-id=\"0789416\" data-element_type=\"widget\" data-widget_type=\"tm-ele-theme-button.skin-style3\">\n\t\t\t\t<div class=\"elementor-widget-container\">\n\t\t\t\t\t<a  href=\"\/en\/contacts\/\"\r\n\t\t\t\t\t\tclass=\"theme-btn btn-style3\">\r\n\t\t\t<span class=\"icon\">\r\n\t\t\t\t\t\t\t\t\t<i class=\"lnr-icon-arrow-right\"><\/i>\t\t\t\t\t\t\t<\/span>\r\n\t\t\t<span class=\"btn-title\">\r\n\t\t\t\tContact us\t\t\t<\/span>\r\n<\/a>\t\t\t\t<\/div>\n\t\t\t\t<\/div>\n\t\t\t\t<\/div>\n\t\t\t\t<\/div>\n\t\t\t\t<\/div>\n\t\t\t\t\t<\/div>\n\t\t\t\t<\/div>\n\t\t\t\t<\/div>","protected":false},"excerpt":{"rendered":"<p>Sobre N\u00f3s Mais do que n\u00fameros, solu\u00e7\u00f5es. Somos uma equipa de profissionais especializados em contabilidade, fiscalidade e consultoria de gest\u00e3o&#8230;.<\/p>","protected":false},"author":1,"featured_media":0,"parent":0,"menu_order":0,"comment_status":"closed","ping_status":"closed","template":"","meta":{"footnotes":""},"class_list":["post-7242","page","type-page","status-publish","hentry"],"yoast_head":"<!-- This site is optimized with the Yoast SEO plugin v26.4 - https:\/\/yoast.com\/wordpress\/plugins\/seo\/ -->\n<title>Sobre N\u00f3s - Precision Advisory<\/title>\n<meta name=\"description\" content=\"Somos uma equipa de profissionais especializados em contabilidade, fiscalidade e consultoria de gest\u00e3o, localizados em Lagoa, Algarve, Portugal\" \/>\n<meta name=\"robots\" content=\"index, follow, max-snippet:-1, max-image-preview:large, max-video-preview:-1\" \/>\n<link rel=\"canonical\" href=\"https:\/\/precisionadvisory.pt\/en\/about\/\" \/>\n<meta property=\"og:locale\" content=\"en_GB\" \/>\n<meta property=\"og:type\" content=\"article\" \/>\n<meta property=\"og:title\" content=\"Sobre N\u00f3s - Precision Advisory\" \/>\n<meta property=\"og:description\" content=\"Somos uma equipa de profissionais especializados em contabilidade, fiscalidade e consultoria de gest\u00e3o, localizados em Lagoa, Algarve, Portugal\" \/>\n<meta property=\"og:url\" content=\"https:\/\/precisionadvisory.pt\/en\/about\/\" \/>\n<meta property=\"og:site_name\" content=\"Precision Advisory\" \/>\n<meta property=\"article:modified_time\" content=\"2025-10-29T11:33:53+00:00\" \/>\n<meta property=\"og:image\" content=\"https:\/\/precisionadvisory.pt\/wp-content\/uploads\/2025\/10\/presentation-img.jpg\" \/>\n\t<meta property=\"og:image:width\" content=\"300\" \/>\n\t<meta property=\"og:image:height\" content=\"300\" \/>\n\t<meta property=\"og:image:type\" content=\"image\/jpeg\" \/>\n<meta name=\"twitter:card\" content=\"summary_large_image\" \/>\n<meta name=\"twitter:label1\" content=\"Estimated reading time\" \/>\n\t<meta name=\"twitter:data1\" content=\"2 minutes\" \/>\n<script type=\"application\/ld+json\" class=\"yoast-schema-graph\">{\"@context\":\"https:\/\/schema.org\",\"@graph\":[{\"@type\":\"WebPage\",\"@id\":\"https:\/\/precisionadvisory.pt\/sobre\/\",\"url\":\"https:\/\/precisionadvisory.pt\/sobre\/\",\"name\":\"Sobre N\u00f3s - Precision Advisory\",\"isPartOf\":{\"@id\":\"https:\/\/precisionadvisory.pt\/#website\"},\"primaryImageOfPage\":{\"@id\":\"https:\/\/precisionadvisory.pt\/sobre\/#primaryimage\"},\"image\":{\"@id\":\"https:\/\/precisionadvisory.pt\/sobre\/#primaryimage\"},\"thumbnailUrl\":\"https:\/\/precisionadvisory.pt\/wp-content\/uploads\/2025\/05\/thumb.png\",\"datePublished\":\"2025-07-15T06:11:11+00:00\",\"dateModified\":\"2025-10-29T11:33:53+00:00\",\"description\":\"Somos uma equipa de profissionais especializados em contabilidade, fiscalidade e consultoria de gest\u00e3o, localizados em Lagoa, Algarve, Portugal\",\"breadcrumb\":{\"@id\":\"https:\/\/precisionadvisory.pt\/sobre\/#breadcrumb\"},\"inLanguage\":\"en-GB\",\"potentialAction\":[{\"@type\":\"ReadAction\",\"target\":[\"https:\/\/precisionadvisory.pt\/sobre\/\"]}]},{\"@type\":\"ImageObject\",\"inLanguage\":\"en-GB\",\"@id\":\"https:\/\/precisionadvisory.pt\/sobre\/#primaryimage\",\"url\":\"https:\/\/precisionadvisory.pt\/wp-content\/uploads\/2025\/05\/thumb.png\",\"contentUrl\":\"https:\/\/precisionadvisory.pt\/wp-content\/uploads\/2025\/05\/thumb.png\"},{\"@type\":\"BreadcrumbList\",\"@id\":\"https:\/\/precisionadvisory.pt\/sobre\/#breadcrumb\",\"itemListElement\":[{\"@type\":\"ListItem\",\"position\":1,\"name\":\"In\u00edcio\",\"item\":\"https:\/\/precisionadvisory.pt\/\"},{\"@type\":\"ListItem\",\"position\":2,\"name\":\"Sobre N\u00f3s\"}]},{\"@type\":\"WebSite\",\"@id\":\"https:\/\/precisionadvisory.pt\/#website\",\"url\":\"https:\/\/precisionadvisory.pt\/\",\"name\":\"Precision Advisory\",\"description\":\"Somos uma equipa de profissionais especializados em contabilidade, fiscalidade e consultoria de gest\u00e3o, localizados em Lagoa, Algarve, Portugal\",\"publisher\":{\"@id\":\"https:\/\/precisionadvisory.pt\/#organization\"},\"potentialAction\":[{\"@type\":\"SearchAction\",\"target\":{\"@type\":\"EntryPoint\",\"urlTemplate\":\"https:\/\/precisionadvisory.pt\/?s={search_term_string}\"},\"query-input\":{\"@type\":\"PropertyValueSpecification\",\"valueRequired\":true,\"valueName\":\"search_term_string\"}}],\"inLanguage\":\"en-GB\"},{\"@type\":\"Organization\",\"@id\":\"https:\/\/precisionadvisory.pt\/#organization\",\"name\":\"Precision Advisory- Contabilidade & Consultoria, Lda\",\"url\":\"https:\/\/precisionadvisory.pt\/\",\"logo\":{\"@type\":\"ImageObject\",\"inLanguage\":\"en-GB\",\"@id\":\"https:\/\/precisionadvisory.pt\/#\/schema\/logo\/image\/\",\"url\":\"https:\/\/precisionadvisory.pt\/wp-content\/uploads\/2025\/10\/presentation-img.jpg\",\"contentUrl\":\"https:\/\/precisionadvisory.pt\/wp-content\/uploads\/2025\/10\/presentation-img.jpg\",\"width\":300,\"height\":300,\"caption\":\"Precision Advisory- Contabilidade & Consultoria, Lda\"},\"image\":{\"@id\":\"https:\/\/precisionadvisory.pt\/#\/schema\/logo\/image\/\"}}]}<\/script>\n<!-- \/ Yoast SEO plugin. -->","yoast_head_json":{"title":"About Us - Precision Advisory","description":"We are a team of professionals specialising in accounting, taxation and management consultancy, located in Lagoa, Algarve, Portugal","robots":{"index":"index","follow":"follow","max-snippet":"max-snippet:-1","max-image-preview":"max-image-preview:large","max-video-preview":"max-video-preview:-1"},"canonical":"https:\/\/precisionadvisory.pt\/en\/about\/","og_locale":"en_GB","og_type":"article","og_title":"Sobre N\u00f3s - Precision Advisory","og_description":"Somos uma equipa de profissionais especializados em contabilidade, fiscalidade e consultoria de gest\u00e3o, localizados em Lagoa, Algarve, Portugal","og_url":"https:\/\/precisionadvisory.pt\/en\/about\/","og_site_name":"Precision Advisory","article_modified_time":"2025-10-29T11:33:53+00:00","og_image":[{"width":300,"height":300,"url":"https:\/\/precisionadvisory.pt\/wp-content\/uploads\/2025\/10\/presentation-img.jpg","type":"image\/jpeg"}],"twitter_card":"summary_large_image","twitter_misc":{"Estimated reading time":"2 minutes"},"schema":{"@context":"https:\/\/schema.org","@graph":[{"@type":"WebPage","@id":"https:\/\/precisionadvisory.pt\/sobre\/","url":"https:\/\/precisionadvisory.pt\/sobre\/","name":"About Us - Precision Advisory","isPartOf":{"@id":"https:\/\/precisionadvisory.pt\/#website"},"primaryImageOfPage":{"@id":"https:\/\/precisionadvisory.pt\/sobre\/#primaryimage"},"image":{"@id":"https:\/\/precisionadvisory.pt\/sobre\/#primaryimage"},"thumbnailUrl":"https:\/\/precisionadvisory.pt\/wp-content\/uploads\/2025\/05\/thumb.png","datePublished":"2025-07-15T06:11:11+00:00","dateModified":"2025-10-29T11:33:53+00:00","description":"We are a team of professionals specialising in accounting, taxation and management consultancy, located in Lagoa, Algarve, Portugal","breadcrumb":{"@id":"https:\/\/precisionadvisory.pt\/sobre\/#breadcrumb"},"inLanguage":"en-GB","potentialAction":[{"@type":"ReadAction","target":["https:\/\/precisionadvisory.pt\/sobre\/"]}]},{"@type":"ImageObject","inLanguage":"en-GB","@id":"https:\/\/precisionadvisory.pt\/sobre\/#primaryimage","url":"https:\/\/precisionadvisory.pt\/wp-content\/uploads\/2025\/05\/thumb.png","contentUrl":"https:\/\/precisionadvisory.pt\/wp-content\/uploads\/2025\/05\/thumb.png"},{"@type":"BreadcrumbList","@id":"https:\/\/precisionadvisory.pt\/sobre\/#breadcrumb","itemListElement":[{"@type":"ListItem","position":1,"name":"In\u00edcio","item":"https:\/\/precisionadvisory.pt\/"},{"@type":"ListItem","position":2,"name":"Sobre N\u00f3s"}]},{"@type":"WebSite","@id":"https:\/\/precisionadvisory.pt\/#website","url":"https:\/\/precisionadvisory.pt\/","name":"Precision Advisory","description":"We are a team of professionals specialising in accounting, taxation and management consultancy, located in Lagoa, Algarve, Portugal","publisher":{"@id":"https:\/\/precisionadvisory.pt\/#organization"},"potentialAction":[{"@type":"SearchAction","target":{"@type":"EntryPoint","urlTemplate":"https:\/\/precisionadvisory.pt\/?s={search_term_string}"},"query-input":{"@type":"PropertyValueSpecification","valueRequired":true,"valueName":"search_term_string"}}],"inLanguage":"en-GB"},{"@type":"Organization","@id":"https:\/\/precisionadvisory.pt\/#organization","name":"Precision Advisory- Accounting &amp; Consultancy, Lda","url":"https:\/\/precisionadvisory.pt\/","logo":{"@type":"ImageObject","inLanguage":"en-GB","@id":"https:\/\/precisionadvisory.pt\/#\/schema\/logo\/image\/","url":"https:\/\/precisionadvisory.pt\/wp-content\/uploads\/2025\/10\/presentation-img.jpg","contentUrl":"https:\/\/precisionadvisory.pt\/wp-content\/uploads\/2025\/10\/presentation-img.jpg","width":300,"height":300,"caption":"Precision Advisory- Contabilidade & Consultoria, Lda"},"image":{"@id":"https:\/\/precisionadvisory.pt\/#\/schema\/logo\/image\/"}}]}},"_links":{"self":[{"href":"https:\/\/precisionadvisory.pt\/en\/wp-json\/wp\/v2\/pages\/7242","targetHints":{"allow":["GET"]}}],"collection":[{"href":"https:\/\/precisionadvisory.pt\/en\/wp-json\/wp\/v2\/pages"}],"about":[{"href":"https:\/\/precisionadvisory.pt\/en\/wp-json\/wp\/v2\/types\/page"}],"author":[{"embeddable":true,"href":"https:\/\/precisionadvisory.pt\/en\/wp-json\/wp\/v2\/users\/1"}],"replies":[{"embeddable":true,"href":"https:\/\/precisionadvisory.pt\/en\/wp-json\/wp\/v2\/comments?post=7242"}],"version-history":[{"count":19,"href":"https:\/\/precisionadvisory.pt\/en\/wp-json\/wp\/v2\/pages\/7242\/revisions"}],"predecessor-version":[{"id":13054,"href":"https:\/\/precisionadvisory.pt\/en\/wp-json\/wp\/v2\/pages\/7242\/revisions\/13054"}],"wp:attachment":[{"href":"https:\/\/precisionadvisory.pt\/en\/wp-json\/wp\/v2\/media?parent=7242"}],"curies":[{"name":"wp","href":"https:\/\/api.w.org\/{rel}","templated":true}]}}