{"id":8905,"date":"2025-07-17T11:18:23","date_gmt":"2025-07-17T11:18:23","guid":{"rendered":"https:\/\/dev252.kodesolution.com\/finclix\/?page_id=8905"},"modified":"2025-11-27T09:22:47","modified_gmt":"2025-11-27T09:22:47","slug":"datenschutzbestimmungen","status":"publish","type":"page","link":"https:\/\/precisionadvisory.pt\/de\/datenschutzbestimmungen\/","title":{"rendered":"Datenschutzbestimmungen"},"content":{"rendered":"<div data-elementor-type=\"wp-page\" data-elementor-id=\"8905\" class=\"elementor elementor-8905\">\n\t\t\t\t<div class=\"elementor-element elementor-element-b1f8400 e-grid e-con-boxed tm-col-stretched-none tm-bg-color-over-image e-con e-parent\" data-id=\"b1f8400\" data-element_type=\"container\">\n\t\t\t\t\t<div class=\"e-con-inner\">\n\t\t\t\t<div class=\"elementor-element elementor-element-36107b1 elementor-widget elementor-widget-text-editor\" data-id=\"36107b1\" data-element_type=\"widget\" data-widget_type=\"text-editor.default\">\n\t\t\t\t\t\t\t\t\t<h3 data-start=\"353\" data-end=\"371\">1. Einleitung<\/h3>\n<p data-start=\"372\" data-end=\"722\">Precision Advisory respektiert Ihre Privatsph\u00e4re und verpflichtet sich, die pers\u00f6nlichen Daten seiner Kunden, Nutzer und Website-Besucher zu sch\u00fctzen. In dieser Richtlinie wird erl\u00e4utert, wie wir Ihre Daten in \u00dcbereinstimmung mit der Allgemeinen Datenschutzverordnung (GDPR) und der geltenden Gesetzgebung in Portugal erfassen, verwenden, speichern und sch\u00fctzen.<\/p>\n\n\n<hr data-start=\"724\" data-end=\"727\" \/>\n\n<h3 data-start=\"729\" data-end=\"775\">2. Erhebung und Verwendung personenbezogener Daten<\/h3>\n<p data-start=\"776\" data-end=\"817\">Wir k\u00f6nnen personenbezogene Daten sammeln, wenn:<\/p>\n\n<ul>\n \t<li>Kontaktformulare auszuf\u00fcllen oder Informationen anzufordern,<\/li>\n \t<li data-start=\"883\" data-end=\"930\">bittet um Kostenvoranschl\u00e4ge oder Dienstleistungsangebote,<\/li>\n \t<li data-start=\"933\" data-end=\"973\">Newsletters oder Mitteilungen zu abonnieren,<\/li>\n \t<li data-start=\"976\" data-end=\"1014\">unsere digitalen Dienste nutzt.<\/li>\n<\/ul>\n<p data-start=\"1016\" data-end=\"1153\">Zu den erfassten Daten k\u00f6nnen geh\u00f6ren: Name, E-Mail, Telefonnummer, Unternehmen, Position und andere Informationen, die zur Beantwortung Ihrer Anfrage erforderlich sind.<\/p>\n<p data-start=\"1155\" data-end=\"1192\">Wir verwenden diese Daten nur f\u00fcr<\/p>\n\n<ul>\n \t<li data-start=\"1195\" data-end=\"1229\">auf Kontaktanfragen zu reagieren,<\/li>\n \t<li data-start=\"1232\" data-end=\"1263\">vertraglich vereinbarte Dienstleistungen zu erbringen,<\/li>\n \t<li data-start=\"1266\" data-end=\"1318\">einschl\u00e4gige Informationen zu \u00fcbermitteln (wenn sie dazu berechtigt sind),<\/li>\n \t<li data-start=\"1321\" data-end=\"1349\">rechtliche Verpflichtungen zu erf\u00fcllen.<\/li>\n<\/ul>\n\n<hr data-start=\"1351\" data-end=\"1354\" \/>\n\n<h3 data-start=\"1356\" data-end=\"1385\">3. Vorratsdatenspeicherung<\/h3>\n<p data-start=\"1386\" data-end=\"1527\">Personenbezogene Daten werden nur so lange aufbewahrt, wie es f\u00fcr die Zwecke, f\u00fcr die sie erhoben wurden, erforderlich ist oder wie es das Gesetz vorschreibt.<\/p>\n\n\n<hr data-start=\"1529\" data-end=\"1532\" \/>\n\n<h3 data-start=\"1534\" data-end=\"1559\">4. Gemeinsame Nutzung von Daten<\/h3>\n<p data-start=\"1560\" data-end=\"1655\">Wir geben Ihre personenbezogenen Daten nicht an Dritte weiter, es sei denn, dies ist erforderlich, um:<\/p>\n\n<ul>\n \t<li data-start=\"1658\" data-end=\"1693\">Erf\u00fcllung der rechtlichen Verpflichtungen,<\/li>\n \t<li data-start=\"1696\" data-end=\"1810\">Ausf\u00fchrung von Dienstleistungen durch vertrauensw\u00fcrdige Partner (z. B. Buchhaltungssoftware, Hosting-Dienste).<\/li>\n<\/ul>\n<p data-start=\"1812\" data-end=\"1883\">In diesen F\u00e4llen stellen wir sicher, dass die Partner die GDPR-Vorschriften einhalten.<\/p>\n\n\n<hr data-start=\"1885\" data-end=\"1888\" \/>\n\n<h3 data-start=\"1890\" data-end=\"1930\">5. Rechte der betroffenen Personen<\/h3>\n<p data-start=\"1931\" data-end=\"1969\">Nach dem Gesetz haben Sie das Recht auf:<\/p>\n\n<ul>\n \t<li data-start=\"1972\" data-end=\"1996\">Zugang zu Ihren Daten,<\/li>\n \t<li data-start=\"1999\" data-end=\"2040\">eine Berichtigung oder Aktualisierung beantragen,<\/li>\n \t<li data-start=\"2043\" data-end=\"2092\">die L\u00f6schung zu beantragen (\"Recht auf Vergessenwerden\"),<\/li>\n \t<li data-start=\"2095\" data-end=\"2130\">die Behandlung einzuschr\u00e4nken oder abzulehnen,<\/li>\n \t<li data-start=\"2133\" data-end=\"2171\">Daten\u00fcbertragbarkeit beantragen.<\/li>\n<\/ul>\n<p data-start=\"2173\" data-end=\"2250\">Um Ihre Rechte auszu\u00fcben, wenden Sie sich bitte an uns: <a href=\"mailto:info@precisionadvisory.pt\" target=\"_blank\" rel=\"noopener\">info@precisionadvisory.pt<\/a><\/p>\n\n\n<hr data-start=\"2252\" data-end=\"2255\" \/>\n\n<h3 data-start=\"2257\" data-end=\"2272\">6. Cookies<\/h3>\n<p data-start=\"2273\" data-end=\"2383\">Unsere Website verwendet Cookies, um das Surferlebnis zu verbessern und Nutzungsstatistiken zu erstellen.<\/p>\n<p data-start=\"2385\" data-end=\"2488\"><strong data-start=\"2385\" data-end=\"2407\">Was sind Cookies?<\/strong><br data-start=\"2407\" data-end=\"2410\" \/>Das sind kleine Dateien, die auf Ihrem Ger\u00e4t gespeichert werden, wenn Sie eine Website besuchen.<\/p>\n<p data-start=\"2490\" data-end=\"2528\"><strong data-start=\"2490\" data-end=\"2526\">Arten von Cookies, die wir verwenden:<\/strong><\/p>\n<p data-start=\"2531\" data-end=\"2599\"><strong data-start=\"2531\" data-end=\"2553\">Wesentliche Cookies<\/strong> - die f\u00fcr den Betrieb der Website erforderlich sind.<\/p>\n<p data-start=\"2602\" data-end=\"2718\"><strong data-start=\"2602\" data-end=\"2624\">Analytische Cookies<\/strong> - uns helfen zu verstehen, wie Besucher mit der Website interagieren (z. B. Google Analytics).<\/p>\n<p data-start=\"2721\" data-end=\"2800\"><strong data-start=\"2721\" data-end=\"2750\">Funktionalit\u00e4t der Cookies<\/strong> - erm\u00f6glichen es Ihnen, Benutzereinstellungen zu speichern.<\/p>\n<p data-start=\"2802\" data-end=\"2977\">Sie k\u00f6nnen Cookies in den Einstellungen Ihres Browsers verwalten oder deaktivieren. Bitte beachten Sie, dass einige Funktionen der Website m\u00f6glicherweise nicht richtig funktionieren, wenn Cookies deaktiviert sind.<\/p>\n\n\n<hr data-start=\"2979\" data-end=\"2982\" \/>\n\n<h3 data-start=\"2984\" data-end=\"3013\">7. \u00c4nderungen der Politik<\/h3>\n<p data-start=\"3014\" data-end=\"3202\">Precision Advisory kann diese Richtlinie aktualisieren, wenn dies zur Erf\u00fcllung rechtlicher Anforderungen oder zur Verbesserung des Schutzes Ihrer Daten erforderlich ist. Wir empfehlen Ihnen, diese Seite regelm\u00e4\u00dfig zu konsultieren.<\/p>\n\n\n<hr data-start=\"3204\" data-end=\"3207\" \/>\n\n<h3 data-start=\"3209\" data-end=\"3226\">8. Kontakt<\/h3>\n<p data-start=\"3227\" data-end=\"3367\">Wenn Sie Fragen zu dieser Datenschutz- und Cookie-Richtlinie haben oder dazu, wie wir Ihre Daten verarbeiten, k\u00f6nnen Sie sich an uns wenden:<\/p>\n<p data-start=\"3369\" data-end=\"3477\">\ud83d\udce7 E-Mail: <a href=\"mailto:info@precisionadvisory.pt\" target=\"_blank\" rel=\"noopener\">info@precisionadvisory.pt<\/a><br data-start=\"3397\" data-end=\"3400\" \/>\ud83d\udcde Telefon: <a href=\"tel:+351282352396\">+(351) 282 352 396<\/a><\/p>\t\t\t\t\t\t\t\t<\/div>\n\t\t\t\t\t<\/div>\n\t\t\t\t<\/div>\n\t\t\t\t<\/div>","protected":false},"excerpt":{"rendered":"<p>1. Introdu\u00e7\u00e3o A Precision Advisory respeita a sua privacidade e compromete-se a proteger os dados pessoais dos seus clientes, utilizadores&#8230;<\/p>","protected":false},"author":1,"featured_media":0,"parent":0,"menu_order":0,"comment_status":"closed","ping_status":"closed","template":"","meta":{"footnotes":""},"class_list":["post-8905","page","type-page","status-publish","hentry"],"yoast_head":"<!-- This site is optimized with the Yoast SEO plugin v26.4 - https:\/\/yoast.com\/wordpress\/plugins\/seo\/ -->\n<title>Pol\u00edtica de Privacidade - Precision Advisory<\/title>\n<meta name=\"description\" content=\"Somos uma equipa de profissionais especializados em contabilidade, fiscalidade e consultoria de gest\u00e3o, localizados em Lagoa, Algarve, Portugal\" \/>\n<meta name=\"robots\" content=\"index, follow, max-snippet:-1, max-image-preview:large, max-video-preview:-1\" \/>\n<link rel=\"canonical\" href=\"https:\/\/precisionadvisory.pt\/de\/datenschutzbestimmungen\/\" \/>\n<meta property=\"og:locale\" content=\"de_DE\" \/>\n<meta property=\"og:type\" content=\"article\" \/>\n<meta property=\"og:title\" content=\"Pol\u00edtica de Privacidade - Precision Advisory\" \/>\n<meta property=\"og:description\" content=\"Somos uma equipa de profissionais especializados em contabilidade, fiscalidade e consultoria de gest\u00e3o, localizados em Lagoa, Algarve, Portugal\" \/>\n<meta property=\"og:url\" content=\"https:\/\/precisionadvisory.pt\/de\/datenschutzbestimmungen\/\" \/>\n<meta property=\"og:site_name\" content=\"Precision Advisory\" \/>\n<meta property=\"article:modified_time\" content=\"2025-11-27T09:22:47+00:00\" \/>\n<meta property=\"og:image\" content=\"https:\/\/precisionadvisory.pt\/wp-content\/uploads\/2025\/10\/presentation-img.jpg\" \/>\n\t<meta property=\"og:image:width\" content=\"300\" \/>\n\t<meta property=\"og:image:height\" content=\"300\" \/>\n\t<meta property=\"og:image:type\" content=\"image\/jpeg\" \/>\n<meta name=\"twitter:card\" content=\"summary_large_image\" \/>\n<meta name=\"twitter:label1\" content=\"Gesch\u00e4tzte Lesezeit\" \/>\n\t<meta name=\"twitter:data1\" content=\"3\u00a0Minuten\" \/>\n<script type=\"application\/ld+json\" class=\"yoast-schema-graph\">{\"@context\":\"https:\/\/schema.org\",\"@graph\":[{\"@type\":\"WebPage\",\"@id\":\"https:\/\/precisionadvisory.pt\/politica-de-privacidade\/\",\"url\":\"https:\/\/precisionadvisory.pt\/politica-de-privacidade\/\",\"name\":\"Pol\u00edtica de Privacidade - Precision Advisory\",\"isPartOf\":{\"@id\":\"https:\/\/precisionadvisory.pt\/#website\"},\"datePublished\":\"2025-07-17T11:18:23+00:00\",\"dateModified\":\"2025-11-27T09:22:47+00:00\",\"description\":\"Somos uma equipa de profissionais especializados em contabilidade, fiscalidade e consultoria de gest\u00e3o, localizados em Lagoa, Algarve, Portugal\",\"breadcrumb\":{\"@id\":\"https:\/\/precisionadvisory.pt\/politica-de-privacidade\/#breadcrumb\"},\"inLanguage\":\"de\",\"potentialAction\":[{\"@type\":\"ReadAction\",\"target\":[\"https:\/\/precisionadvisory.pt\/politica-de-privacidade\/\"]}]},{\"@type\":\"BreadcrumbList\",\"@id\":\"https:\/\/precisionadvisory.pt\/politica-de-privacidade\/#breadcrumb\",\"itemListElement\":[{\"@type\":\"ListItem\",\"position\":1,\"name\":\"In\u00edcio\",\"item\":\"https:\/\/precisionadvisory.pt\/\"},{\"@type\":\"ListItem\",\"position\":2,\"name\":\"Pol\u00edtica de Privacidade\"}]},{\"@type\":\"WebSite\",\"@id\":\"https:\/\/precisionadvisory.pt\/#website\",\"url\":\"https:\/\/precisionadvisory.pt\/\",\"name\":\"Precision Advisory\",\"description\":\"Somos uma equipa de profissionais especializados em contabilidade, fiscalidade e consultoria de gest\u00e3o, localizados em Lagoa, Algarve, Portugal\",\"publisher\":{\"@id\":\"https:\/\/precisionadvisory.pt\/#organization\"},\"potentialAction\":[{\"@type\":\"SearchAction\",\"target\":{\"@type\":\"EntryPoint\",\"urlTemplate\":\"https:\/\/precisionadvisory.pt\/?s={search_term_string}\"},\"query-input\":{\"@type\":\"PropertyValueSpecification\",\"valueRequired\":true,\"valueName\":\"search_term_string\"}}],\"inLanguage\":\"de\"},{\"@type\":\"Organization\",\"@id\":\"https:\/\/precisionadvisory.pt\/#organization\",\"name\":\"Precision Advisory- Contabilidade & Consultoria, Lda\",\"url\":\"https:\/\/precisionadvisory.pt\/\",\"logo\":{\"@type\":\"ImageObject\",\"inLanguage\":\"de\",\"@id\":\"https:\/\/precisionadvisory.pt\/#\/schema\/logo\/image\/\",\"url\":\"https:\/\/precisionadvisory.pt\/wp-content\/uploads\/2025\/10\/presentation-img.jpg\",\"contentUrl\":\"https:\/\/precisionadvisory.pt\/wp-content\/uploads\/2025\/10\/presentation-img.jpg\",\"width\":300,\"height\":300,\"caption\":\"Precision Advisory- Contabilidade & Consultoria, Lda\"},\"image\":{\"@id\":\"https:\/\/precisionadvisory.pt\/#\/schema\/logo\/image\/\"}}]}<\/script>\n<!-- \/ Yoast SEO plugin. -->","yoast_head_json":{"title":"Datenschutzerkl\u00e4rung - Precision Advisory","description":"Wir sind ein Team von Fachleuten, die sich auf Buchhaltung, Steuern und Unternehmensberatung spezialisiert haben, mit Sitz in Lagoa, Algarve, Portugal","robots":{"index":"index","follow":"follow","max-snippet":"max-snippet:-1","max-image-preview":"max-image-preview:large","max-video-preview":"max-video-preview:-1"},"canonical":"https:\/\/precisionadvisory.pt\/de\/datenschutzbestimmungen\/","og_locale":"de_DE","og_type":"article","og_title":"Pol\u00edtica de Privacidade - Precision Advisory","og_description":"Somos uma equipa de profissionais especializados em contabilidade, fiscalidade e consultoria de gest\u00e3o, localizados em Lagoa, Algarve, Portugal","og_url":"https:\/\/precisionadvisory.pt\/de\/datenschutzbestimmungen\/","og_site_name":"Precision Advisory","article_modified_time":"2025-11-27T09:22:47+00:00","og_image":[{"width":300,"height":300,"url":"https:\/\/precisionadvisory.pt\/wp-content\/uploads\/2025\/10\/presentation-img.jpg","type":"image\/jpeg"}],"twitter_card":"summary_large_image","twitter_misc":{"Gesch\u00e4tzte Lesezeit":"3\u00a0Minuten"},"schema":{"@context":"https:\/\/schema.org","@graph":[{"@type":"WebPage","@id":"https:\/\/precisionadvisory.pt\/politica-de-privacidade\/","url":"https:\/\/precisionadvisory.pt\/politica-de-privacidade\/","name":"Datenschutzerkl\u00e4rung - Precision Advisory","isPartOf":{"@id":"https:\/\/precisionadvisory.pt\/#website"},"datePublished":"2025-07-17T11:18:23+00:00","dateModified":"2025-11-27T09:22:47+00:00","description":"Wir sind ein Team von Fachleuten, die sich auf Buchhaltung, Steuern und Unternehmensberatung spezialisiert haben, mit Sitz in Lagoa, Algarve, Portugal","breadcrumb":{"@id":"https:\/\/precisionadvisory.pt\/politica-de-privacidade\/#breadcrumb"},"inLanguage":"de","potentialAction":[{"@type":"ReadAction","target":["https:\/\/precisionadvisory.pt\/politica-de-privacidade\/"]}]},{"@type":"BreadcrumbList","@id":"https:\/\/precisionadvisory.pt\/politica-de-privacidade\/#breadcrumb","itemListElement":[{"@type":"ListItem","position":1,"name":"In\u00edcio","item":"https:\/\/precisionadvisory.pt\/"},{"@type":"ListItem","position":2,"name":"Pol\u00edtica de Privacidade"}]},{"@type":"WebSite","@id":"https:\/\/precisionadvisory.pt\/#website","url":"https:\/\/precisionadvisory.pt\/","name":"Pr\u00e4zisionsberatung","description":"Wir sind ein Team von Fachleuten, die sich auf Buchhaltung, Steuern und Unternehmensberatung spezialisiert haben, mit Sitz in Lagoa, Algarve, Portugal","publisher":{"@id":"https:\/\/precisionadvisory.pt\/#organization"},"potentialAction":[{"@type":"SearchAction","target":{"@type":"EntryPoint","urlTemplate":"https:\/\/precisionadvisory.pt\/?s={search_term_string}"},"query-input":{"@type":"PropertyValueSpecification","valueRequired":true,"valueName":"search_term_string"}}],"inLanguage":"de"},{"@type":"Organization","@id":"https:\/\/precisionadvisory.pt\/#organization","name":"Pr\u00e4zisionsberatung - Buchhaltung und Beratung, Lda","url":"https:\/\/precisionadvisory.pt\/","logo":{"@type":"ImageObject","inLanguage":"de","@id":"https:\/\/precisionadvisory.pt\/#\/schema\/logo\/image\/","url":"https:\/\/precisionadvisory.pt\/wp-content\/uploads\/2025\/10\/presentation-img.jpg","contentUrl":"https:\/\/precisionadvisory.pt\/wp-content\/uploads\/2025\/10\/presentation-img.jpg","width":300,"height":300,"caption":"Precision Advisory- Contabilidade & Consultoria, Lda"},"image":{"@id":"https:\/\/precisionadvisory.pt\/#\/schema\/logo\/image\/"}}]}},"_links":{"self":[{"href":"https:\/\/precisionadvisory.pt\/de\/wp-json\/wp\/v2\/pages\/8905","targetHints":{"allow":["GET"]}}],"collection":[{"href":"https:\/\/precisionadvisory.pt\/de\/wp-json\/wp\/v2\/pages"}],"about":[{"href":"https:\/\/precisionadvisory.pt\/de\/wp-json\/wp\/v2\/types\/page"}],"author":[{"embeddable":true,"href":"https:\/\/precisionadvisory.pt\/de\/wp-json\/wp\/v2\/users\/1"}],"replies":[{"embeddable":true,"href":"https:\/\/precisionadvisory.pt\/de\/wp-json\/wp\/v2\/comments?post=8905"}],"version-history":[{"count":22,"href":"https:\/\/precisionadvisory.pt\/de\/wp-json\/wp\/v2\/pages\/8905\/revisions"}],"predecessor-version":[{"id":13465,"href":"https:\/\/precisionadvisory.pt\/de\/wp-json\/wp\/v2\/pages\/8905\/revisions\/13465"}],"wp:attachment":[{"href":"https:\/\/precisionadvisory.pt\/de\/wp-json\/wp\/v2\/media?parent=8905"}],"curies":[{"name":"wp","href":"https:\/\/api.w.org\/{rel}","templated":true}]}}