{"id":7242,"date":"2025-07-15T06:11:11","date_gmt":"2025-07-15T06:11:11","guid":{"rendered":"https:\/\/dev252.kodesolution.com\/finclix\/?page_id=7242"},"modified":"2025-10-29T11:33:53","modified_gmt":"2025-10-29T11:33:53","slug":"uber","status":"publish","type":"page","link":"https:\/\/precisionadvisory.pt\/de\/uber\/","title":{"rendered":"\u00dcber uns"},"content":{"rendered":"<div data-elementor-type=\"wp-page\" data-elementor-id=\"7242\" class=\"elementor elementor-7242\">\n\t\t\t\t<div class=\"elementor-element elementor-element-5645db7e e-flex e-con-boxed tm-col-stretched-none tm-bg-color-over-image e-con e-parent\" data-id=\"5645db7e\" data-element_type=\"container\" data-settings=\"{&quot;background_background&quot;:&quot;classic&quot;}\">\n\t\t\t\t\t<div class=\"e-con-inner\">\n\t\t<div class=\"elementor-element elementor-element-3aa40232 e-con-full animated-slow e-flex tm-col-stretched-none tm-bg-color-over-image e-con e-child\" data-id=\"3aa40232\" data-element_type=\"container\" data-settings=\"{&quot;animation&quot;:&quot;none&quot;}\">\n\t\t<div class=\"elementor-element elementor-element-9f086c8 e-con-full animated-slow e-flex tm-col-stretched-none tm-bg-color-over-image elementor-invisible e-con e-child\" data-id=\"9f086c8\" data-element_type=\"container\" data-settings=\"{&quot;animation&quot;:&quot;fadeInLeft&quot;}\">\n\t\t<div class=\"elementor-element elementor-element-1989f78f e-con-full e-flex tm-col-stretched-none tm-bg-color-over-image e-con e-child\" data-id=\"1989f78f\" data-element_type=\"container\" data-settings=\"{&quot;background_background&quot;:&quot;classic&quot;}\">\n\t\t\t\t<\/div>\n\t\t<div class=\"elementor-element elementor-element-66729cb e-con-full elementor-hidden-mobile e-flex tm-col-stretched-none tm-bg-color-over-image e-con e-child\" data-id=\"66729cb\" data-element_type=\"container\" data-settings=\"{&quot;background_background&quot;:&quot;classic&quot;}\">\n\t\t\t\t<\/div>\n\t\t\t\t<\/div>\n\t\t<div class=\"elementor-element elementor-element-2c77cb36 e-con-full animated-slow e-flex tm-col-stretched-none tm-bg-color-over-image elementor-invisible e-con e-child\" data-id=\"2c77cb36\" data-element_type=\"container\" data-settings=\"{&quot;animation&quot;:&quot;fadeInRight&quot;}\">\n\t\t\t\t<div class=\"elementor-element elementor-element-69f14f27 horizontal-line-align-left vertical-line-align-bottom elementor-widget elementor-widget-tm-ele-section-title\" data-id=\"69f14f27\" data-element_type=\"widget\" data-widget_type=\"tm-ele-section-title.default\">\n\t\t\t\t<div class=\"elementor-widget-container\">\n\t\t\t\t\t<div class=\"tm-sc-section-title section-title title-icon-pos-icon-top\">\r\n\t<div class=\"title-wrapper\">\r\n\t\t\t\t<img decoding=\"async\" class=\"title-icon\" src=\"https:\/\/precisionadvisory.pt\/wp-content\/uploads\/2025\/05\/thumb.png\" alt=\"icon\">\t\t\t\t\r\n\r\n<div class=\"sub-title-outer\">\r\n\t\t<div class=\"subtitle\">\r\n\r\n\t\t\r\n\t\t\u00dcber uns\t<\/div>\r\n\t<\/div>\t\t\t<h2 class=\"title tm-split-text split-in-right\"  >\r\n\r\n\t\t\r\n\t\t\t\t<span class=\"title-part1\">Mehr als Zahlen, <span style=\"color:#ffaa00;\">L\u00f6sungen.<\/span><\/span>\r\n\t\t\t\t\r\n\t\t\t\t\t\t\t\r\n\t<\/h2>\r\n\t<div class=\"title-seperator-line\"><\/div>\t\t\t\t\t\t<\/div>\r\n<\/div>\t\t\t\t<\/div>\n\t\t\t\t<\/div>\n\t\t\t\t<div class=\"elementor-element elementor-element-419575af elementor-widget-mobile__width-inherit elementor-widget-tablet__width-initial elementor-widget elementor-widget-tm-ele-text-editor\" data-id=\"419575af\" data-element_type=\"widget\" data-widget_type=\"tm-ele-text-editor.default\">\n\t\t\t\t<div class=\"elementor-widget-container\">\n\t\t\t\t\t\t\t<div class=\"tm-text-editor\" >\r\n\t\t<p>Wir sind ein Team von Fachleuten, die sich auf Buchhaltung, Steuern und Unternehmensberatung spezialisiert haben. Unser Ziel ist es, Prozesse zu vereinfachen, Ergebnisse zu optimieren und Ihnen die n\u00f6tige Ruhe zu geben, damit Sie sich auf das konzentrieren k\u00f6nnen, was wirklich wichtig ist: das Wachstum Ihres Unternehmens.<\/p>\t\t<\/div>\r\n\t\t\t\t\t<\/div>\n\t\t\t\t<\/div>\n\t\t\t\t<div class=\"elementor-element elementor-element-6f2c7a66 elementor-widget__width-initial elementor-widget-mobile__width-inherit elementor-widget elementor-widget-tm-ele-iconbox\" data-id=\"6f2c7a66\" data-element_type=\"widget\" data-widget_type=\"tm-ele-iconbox.default\">\n\t\t\t\t<div class=\"elementor-widget-container\">\n\t\t\t\t\t<div class=\"tm-sc-icon-box icon-box icon-left font-icon icon-left animate-hover icon-rotate-y\">\r\n\t\r\n  \t<div class=\"icon-box-wrapper\">\r\n\t\t\r\n\t\t<div class=\"icon-wrapper\">\r\n\t\t<div class=\"icon icon-round icon-type-font-icon icon-md\">\r\n\t\t\t<i aria-hidden=\"true\" class=\"flaticon-finance-design-thinking\"><\/i>\t\t<\/div>\r\n\r\n\t\t\t<\/div>\r\n\t\t\t<div class=\"icon-text\">\r\n\t\t\t\t\t\t\r\n\t\t\t\t<h5 class=\"icon-box-title\">\r\n\t\t\t\t\t\t\tNachgewiesene Erfahrung\t\t\t\t\t<\/h5>\r\n\t\t\t\t\t<div class=\"content\"><p>Unser multidisziplin\u00e4res Team beherrscht die besten Buchhaltungs-, Steuer- und Managementpraktiken.<\/p><\/div>\r\n\t\t\t\r\n\t\t\t\r\n\t\r\n\t\t\t\t\t<\/div>\r\n\t\t<div class=\"clearfix\"><\/div>\r\n\t<\/div>\r\n<\/div>\t\t\t\t<\/div>\n\t\t\t\t<\/div>\n\t\t\t\t<div class=\"elementor-element elementor-element-65f745b elementor-widget__width-initial elementor-widget-mobile__width-inherit elementor-widget elementor-widget-tm-ele-iconbox\" data-id=\"65f745b\" data-element_type=\"widget\" data-widget_type=\"tm-ele-iconbox.default\">\n\t\t\t\t<div class=\"elementor-widget-container\">\n\t\t\t\t\t<div class=\"tm-sc-icon-box icon-box icon-left font-icon icon-left animate-hover icon-rotate-y\">\r\n\t\r\n  \t<div class=\"icon-box-wrapper\">\r\n\t\t\r\n\t\t<div class=\"icon-wrapper\">\r\n\t\t<div class=\"icon icon-round icon-type-font-icon icon-md\">\r\n\t\t\t<i aria-hidden=\"true\" class=\"flaticon-common-users\"><\/i>\t\t<\/div>\r\n\r\n\t\t\t<\/div>\r\n\t\t\t<div class=\"icon-text\">\r\n\t\t\t\t\t\t\r\n\t\t\t\t<h5 class=\"icon-box-title\">\r\n\t\t\t\t\t\t\tKundenn\u00e4he\t\t\t\t\t<\/h5>\r\n\t\t\t\t\t<div class=\"content\"><p>Wir glauben, dass jedes Unternehmen einzigartig ist. Deshalb bevorzugen wir eine pers\u00f6nliche, transparente und zug\u00e4ngliche Unterst\u00fctzung.<\/p><\/div>\r\n\t\t\t\r\n\t\t\t\r\n\t\r\n\t\t\t\t\t<\/div>\r\n\t\t<div class=\"clearfix\"><\/div>\r\n\t<\/div>\r\n<\/div>\t\t\t\t<\/div>\n\t\t\t\t<\/div>\n\t\t\t\t<div class=\"elementor-element elementor-element-5f2afed7 elementor-widget__width-initial elementor-widget-mobile__width-inherit elementor-widget elementor-widget-tm-ele-iconbox\" data-id=\"5f2afed7\" data-element_type=\"widget\" data-widget_type=\"tm-ele-iconbox.default\">\n\t\t\t\t<div class=\"elementor-widget-container\">\n\t\t\t\t\t<div class=\"tm-sc-icon-box icon-box icon-left font-icon icon-left animate-hover icon-rotate-y\">\r\n\t\r\n  \t<div class=\"icon-box-wrapper\">\r\n\t\t\r\n\t\t<div class=\"icon-wrapper\">\r\n\t\t<div class=\"icon icon-round icon-type-font-icon icon-md\">\r\n\t\t\t<i aria-hidden=\"true\" class=\"flaticon-finance-target-audience\"><\/i>\t\t<\/div>\r\n\r\n\t\t\t<\/div>\r\n\t\t\t<div class=\"icon-text\">\r\n\t\t\t\t\t\t\r\n\t\t\t\t<h5 class=\"icon-box-title\">\r\n\t\t\t\t\t\t\tKonzentration auf Ergebnisse\t\t\t\t\t<\/h5>\r\n\t\t\t\t\t<div class=\"content\"><p>Unser Ziel ist klar: Wir wollen die Effizienz Ihres Unternehmens steigern und zum nachhaltigen Wachstum Ihres Unternehmens beitragen.<\/p><\/div>\r\n\t\t\t\r\n\t\t\t\r\n\t\r\n\t\t\t\t\t<\/div>\r\n\t\t<div class=\"clearfix\"><\/div>\r\n\t<\/div>\r\n<\/div>\t\t\t\t<\/div>\n\t\t\t\t<\/div>\n\t\t<div class=\"elementor-element elementor-element-33b95240 e-con-full e-flex tm-col-stretched-none tm-bg-color-over-image e-con e-child\" data-id=\"33b95240\" data-element_type=\"container\">\n\t\t<div class=\"elementor-element elementor-element-6493c41b e-con-full e-flex tm-col-stretched-none tm-bg-color-over-image e-con e-child\" data-id=\"6493c41b\" data-element_type=\"container\">\n\t\t\t\t<div class=\"elementor-element elementor-element-1abc54c9 elementor-widget elementor-widget-tm-ele-theme-button\" data-id=\"1abc54c9\" data-element_type=\"widget\" data-widget_type=\"tm-ele-theme-button.skin-style3\">\n\t\t\t\t<div class=\"elementor-widget-container\">\n\t\t\t\t\t<a  href=\"\/de\/uber\/\"\r\n\t\t\t\t\t\tclass=\"theme-btn btn-style3\">\r\n\t\t\t<span class=\"icon\">\r\n\t\t\t\t\t\t\t\t\t<i class=\"lnr-icon-arrow-right\"><\/i>\t\t\t\t\t\t\t<\/span>\r\n\t\t\t<span class=\"btn-title\">\r\n\t\t\t\t\u00dcber uns\t\t\t<\/span>\r\n<\/a>\t\t\t\t<\/div>\n\t\t\t\t<\/div>\n\t\t\t\t<\/div>\n\t\t\t\t<\/div>\n\t\t\t\t<\/div>\n\t\t\t\t<\/div>\n\t\t\t\t\t<\/div>\n\t\t\t\t<\/div>\n\t\t<div class=\"elementor-element elementor-element-45aee144 tm-col-stretched-left e-flex e-con-boxed tm-bg-color-over-image e-con e-parent\" data-id=\"45aee144\" data-element_type=\"container\" data-settings=\"{&quot;background_background&quot;:&quot;classic&quot;}\">\n\t\t\t\t\t<div class=\"e-con-inner\">\n\t\t<div class=\"elementor-element elementor-element-50b440b6 e-con-full e-flex tm-col-stretched-none tm-bg-color-over-image e-con e-child\" data-id=\"50b440b6\" data-element_type=\"container\" data-settings=\"{&quot;background_background&quot;:&quot;classic&quot;}\">\n\t\t\t\t<\/div>\n\t\t<div class=\"elementor-element elementor-element-29d0ec1c e-con-full e-flex tm-col-stretched-none tm-bg-color-over-image e-con e-child\" data-id=\"29d0ec1c\" data-element_type=\"container\">\n\t\t<div class=\"elementor-element elementor-element-3844e161 e-con-full e-flex tm-col-stretched-none tm-bg-color-over-image e-con e-child\" data-id=\"3844e161\" data-element_type=\"container\">\n\t\t\t\t<div class=\"elementor-element elementor-element-5b9c589 elementor-widget__width-initial elementor-widget-mobile__width-inherit horizontal-line-align-left vertical-line-align-bottom elementor-widget elementor-widget-tm-ele-section-title\" data-id=\"5b9c589\" data-element_type=\"widget\" data-widget_type=\"tm-ele-section-title.default\">\n\t\t\t\t<div class=\"elementor-widget-container\">\n\t\t\t\t\t<div class=\"tm-sc-section-title section-title title-icon-pos-icon-top\">\r\n\t<div class=\"title-wrapper\">\r\n\t\t\t\t<img decoding=\"async\" class=\"title-icon\" src=\"https:\/\/precisionadvisory.pt\/wp-content\/uploads\/2025\/06\/meta.png\" alt=\"icon\">\t\t\t\t\r\n\r\n<div class=\"sub-title-outer\">\r\n\t\t<div class=\"subtitle\">\r\n\r\n\t\t\r\n\t\tWarum uns w\u00e4hlen\t<\/div>\r\n\t<\/div>\t\t\t<h2 class=\"title tm-split-text split-in-right\"  >\r\n\r\n\t\t\r\n\t\t\t\t<span class=\"title-part1\">Unsere Philosophie<\/span>\r\n\t\t\t\t\r\n\t\t\t\t\t\t\t\r\n\t<\/h2>\r\n\t<div class=\"title-seperator-line\"><\/div>\t\t\t\t\t\t<\/div>\r\n<\/div>\t\t\t\t<\/div>\n\t\t\t\t<\/div>\n\t\t\t\t<div class=\"elementor-element elementor-element-3c6cece2 animated-slow elementor-invisible elementor-widget elementor-widget-tm-ele-tabs\" data-id=\"3c6cece2\" data-element_type=\"widget\" data-settings=\"{&quot;_animation&quot;:&quot;fadeInUp&quot;}\" data-widget_type=\"tm-ele-tabs.default\">\n\t\t\t\t<div class=\"elementor-widget-container\">\n\t\t\t\t\t\t\t<div id=\"tabs-holder-163818\" class=\"tm-tabs tm-tabs-horizontal-nav\">\r\n\t\t\t\t\t<ul class=\"nav nav-tabs list-unstyled\" id=\"myTab-tabs-holder-163818\" role=\"tablist\">\r\n\t\t\t\r\n    <li class=\"nav-item active\" role=\"presentation\">\r\n      <a class=\"nav-link active\" id=\"tab-tabs-holder-163818-1-tab\" data-bs-toggle=\"tab\" href=\"#tab-tabs-holder-163818-1\" role=\"tab\" aria-controls=\"tab-tabs-holder-163818-1\" aria-selected=\"true\">\r\n\r\n        \r\n        <span class=\"tabs-title\">Mission<\/span>\r\n      <\/a>\r\n    <\/li>\r\n\r\n    <li class=\"nav-item\" role=\"presentation\">\r\n      <a class=\"nav-link\" id=\"tab-tabs-holder-163818-2-tab\" data-bs-toggle=\"tab\" href=\"#tab-tabs-holder-163818-2\" role=\"tab\" aria-controls=\"tab-tabs-holder-163818-2\" aria-selected=\"true\">\r\n\r\n        \r\n        <span class=\"tabs-title\">Vision<\/span>\r\n      <\/a>\r\n    <\/li>\r\n\r\n    <li class=\"nav-item\" role=\"presentation\">\r\n      <a class=\"nav-link\" id=\"tab-tabs-holder-163818-3-tab\" data-bs-toggle=\"tab\" href=\"#tab-tabs-holder-163818-3\" role=\"tab\" aria-controls=\"tab-tabs-holder-163818-3\" aria-selected=\"true\">\r\n\r\n        \r\n        <span class=\"tabs-title\">Werte<\/span>\r\n      <\/a>\r\n    <\/li>\r\n\t\t\t<\/ul>\r\n\t\t\r\n\r\n\t\t\t\t\t<div class=\"tab-content\" id=\"myTabContent-tabs-holder-163818\">\r\n\t\t\t    <div class=\"tab-pane fade show active\" id=\"tab-tabs-holder-163818-1\" role=\"tabpanel\" aria-labelledby=\"tab-tabs-holder-163818-1-tab\">\r\n      <div class=\"tab-content-inner\">\r\n      <p>Unsere Aufgabe ist es, das Finanzleben von Unternehmen und Unternehmern zu vereinfachen, indem wir Strenge, Transparenz und strategische L\u00f6sungen garantieren, die einen echten Mehrwert f\u00fcr das Unternehmen darstellen. Wir arbeiten Hand in Hand mit unseren Kunden, damit sie sich auf ihr Wachstum konzentrieren k\u00f6nnen, w\u00e4hrend wir eine solide, effiziente und stets rechtskonforme Buchhaltung und Steuerverwaltung gew\u00e4hrleisten.<\/p>      <\/div>\r\n    <\/div>    <div class=\"tab-pane fade\" id=\"tab-tabs-holder-163818-2\" role=\"tabpanel\" aria-labelledby=\"tab-tabs-holder-163818-2-tab\">\r\n      <div class=\"tab-content-inner\">\r\n      <p data-start=\"641\" data-end=\"963\">Wir wollen als der Benchmark-Partner f\u00fcr Buchhaltung und Unternehmensberatung in Portugal anerkannt werden und uns durch Innovation, Servicequalit\u00e4t und N\u00e4he auszeichnen. Wir wollen mehr sein als nur ein Dienstleistungsunternehmen. Wir streben danach, strategische Verb\u00fcndete f\u00fcr den Erfolg und die Nachhaltigkeit der Unternehmen zu sein, die uns vertrauen.<\/p>      <\/div>\r\n    <\/div>    <div class=\"tab-pane fade\" id=\"tab-tabs-holder-163818-3\" role=\"tabpanel\" aria-labelledby=\"tab-tabs-holder-163818-3-tab\">\r\n      <div class=\"tab-content-inner\">\r\n      <p>Wir lassen uns von Integrit\u00e4t und Professionalit\u00e4t leiten und bauen enge, auf Vertrauen basierende Beziehungen auf. Wir setzen auf Innovation, um Prozesse zu vereinfachen, und behalten den Kunden stets im Blick, indem wir ma\u00dfgeschneiderte L\u00f6sungen schaffen, die ein nachhaltiges Unternehmenswachstum f\u00f6rdern.<\/p>      <\/div>\r\n    <\/div>\t\t\t<\/div>\r\n\t\t\t\t<\/div>\r\n\t\t\t\t\t<\/div>\n\t\t\t\t<\/div>\n\t\t<div class=\"elementor-element elementor-element-d6cb4c7 e-con-full e-flex tm-col-stretched-none tm-bg-color-over-image e-con e-child\" data-id=\"d6cb4c7\" data-element_type=\"container\">\n\t\t\t\t<div class=\"elementor-element elementor-element-0789416 elementor-widget elementor-widget-tm-ele-theme-button\" data-id=\"0789416\" data-element_type=\"widget\" data-widget_type=\"tm-ele-theme-button.skin-style3\">\n\t\t\t\t<div class=\"elementor-widget-container\">\n\t\t\t\t\t<a  href=\"\/de\/kontakte\/\"\r\n\t\t\t\t\t\tclass=\"theme-btn btn-style3\">\r\n\t\t\t<span class=\"icon\">\r\n\t\t\t\t\t\t\t\t\t<i class=\"lnr-icon-arrow-right\"><\/i>\t\t\t\t\t\t\t<\/span>\r\n\t\t\t<span class=\"btn-title\">\r\n\t\t\t\tKontakt\t\t\t<\/span>\r\n<\/a>\t\t\t\t<\/div>\n\t\t\t\t<\/div>\n\t\t\t\t<\/div>\n\t\t\t\t<\/div>\n\t\t\t\t<\/div>\n\t\t\t\t\t<\/div>\n\t\t\t\t<\/div>\n\t\t\t\t<\/div>","protected":false},"excerpt":{"rendered":"<p>Sobre N\u00f3s Mais do que n\u00fameros, solu\u00e7\u00f5es. Somos uma equipa de profissionais especializados em contabilidade, fiscalidade e consultoria de gest\u00e3o&#8230;.<\/p>","protected":false},"author":1,"featured_media":0,"parent":0,"menu_order":0,"comment_status":"closed","ping_status":"closed","template":"","meta":{"footnotes":""},"class_list":["post-7242","page","type-page","status-publish","hentry"],"yoast_head":"<!-- This site is optimized with the Yoast SEO plugin v26.4 - https:\/\/yoast.com\/wordpress\/plugins\/seo\/ -->\n<title>Sobre N\u00f3s - Precision Advisory<\/title>\n<meta name=\"description\" content=\"Somos uma equipa de profissionais especializados em contabilidade, fiscalidade e consultoria de gest\u00e3o, localizados em Lagoa, Algarve, Portugal\" \/>\n<meta name=\"robots\" content=\"index, follow, max-snippet:-1, max-image-preview:large, max-video-preview:-1\" \/>\n<link rel=\"canonical\" href=\"https:\/\/precisionadvisory.pt\/de\/uber\/\" \/>\n<meta property=\"og:locale\" content=\"de_DE\" \/>\n<meta property=\"og:type\" content=\"article\" \/>\n<meta property=\"og:title\" content=\"Sobre N\u00f3s - Precision Advisory\" \/>\n<meta property=\"og:description\" content=\"Somos uma equipa de profissionais especializados em contabilidade, fiscalidade e consultoria de gest\u00e3o, localizados em Lagoa, Algarve, Portugal\" \/>\n<meta property=\"og:url\" content=\"https:\/\/precisionadvisory.pt\/de\/uber\/\" \/>\n<meta property=\"og:site_name\" content=\"Precision Advisory\" \/>\n<meta property=\"article:modified_time\" content=\"2025-10-29T11:33:53+00:00\" \/>\n<meta property=\"og:image\" content=\"https:\/\/precisionadvisory.pt\/wp-content\/uploads\/2025\/10\/presentation-img.jpg\" \/>\n\t<meta property=\"og:image:width\" content=\"300\" \/>\n\t<meta property=\"og:image:height\" content=\"300\" \/>\n\t<meta property=\"og:image:type\" content=\"image\/jpeg\" \/>\n<meta name=\"twitter:card\" content=\"summary_large_image\" \/>\n<meta name=\"twitter:label1\" content=\"Gesch\u00e4tzte Lesezeit\" \/>\n\t<meta name=\"twitter:data1\" content=\"2\u00a0Minuten\" \/>\n<script type=\"application\/ld+json\" class=\"yoast-schema-graph\">{\"@context\":\"https:\/\/schema.org\",\"@graph\":[{\"@type\":\"WebPage\",\"@id\":\"https:\/\/precisionadvisory.pt\/sobre\/\",\"url\":\"https:\/\/precisionadvisory.pt\/sobre\/\",\"name\":\"Sobre N\u00f3s - Precision Advisory\",\"isPartOf\":{\"@id\":\"https:\/\/precisionadvisory.pt\/#website\"},\"primaryImageOfPage\":{\"@id\":\"https:\/\/precisionadvisory.pt\/sobre\/#primaryimage\"},\"image\":{\"@id\":\"https:\/\/precisionadvisory.pt\/sobre\/#primaryimage\"},\"thumbnailUrl\":\"https:\/\/precisionadvisory.pt\/wp-content\/uploads\/2025\/05\/thumb.png\",\"datePublished\":\"2025-07-15T06:11:11+00:00\",\"dateModified\":\"2025-10-29T11:33:53+00:00\",\"description\":\"Somos uma equipa de profissionais especializados em contabilidade, fiscalidade e consultoria de gest\u00e3o, localizados em Lagoa, Algarve, Portugal\",\"breadcrumb\":{\"@id\":\"https:\/\/precisionadvisory.pt\/sobre\/#breadcrumb\"},\"inLanguage\":\"de\",\"potentialAction\":[{\"@type\":\"ReadAction\",\"target\":[\"https:\/\/precisionadvisory.pt\/sobre\/\"]}]},{\"@type\":\"ImageObject\",\"inLanguage\":\"de\",\"@id\":\"https:\/\/precisionadvisory.pt\/sobre\/#primaryimage\",\"url\":\"https:\/\/precisionadvisory.pt\/wp-content\/uploads\/2025\/05\/thumb.png\",\"contentUrl\":\"https:\/\/precisionadvisory.pt\/wp-content\/uploads\/2025\/05\/thumb.png\"},{\"@type\":\"BreadcrumbList\",\"@id\":\"https:\/\/precisionadvisory.pt\/sobre\/#breadcrumb\",\"itemListElement\":[{\"@type\":\"ListItem\",\"position\":1,\"name\":\"In\u00edcio\",\"item\":\"https:\/\/precisionadvisory.pt\/\"},{\"@type\":\"ListItem\",\"position\":2,\"name\":\"Sobre N\u00f3s\"}]},{\"@type\":\"WebSite\",\"@id\":\"https:\/\/precisionadvisory.pt\/#website\",\"url\":\"https:\/\/precisionadvisory.pt\/\",\"name\":\"Precision Advisory\",\"description\":\"Somos uma equipa de profissionais especializados em contabilidade, fiscalidade e consultoria de gest\u00e3o, localizados em Lagoa, Algarve, Portugal\",\"publisher\":{\"@id\":\"https:\/\/precisionadvisory.pt\/#organization\"},\"potentialAction\":[{\"@type\":\"SearchAction\",\"target\":{\"@type\":\"EntryPoint\",\"urlTemplate\":\"https:\/\/precisionadvisory.pt\/?s={search_term_string}\"},\"query-input\":{\"@type\":\"PropertyValueSpecification\",\"valueRequired\":true,\"valueName\":\"search_term_string\"}}],\"inLanguage\":\"de\"},{\"@type\":\"Organization\",\"@id\":\"https:\/\/precisionadvisory.pt\/#organization\",\"name\":\"Precision Advisory- Contabilidade & Consultoria, Lda\",\"url\":\"https:\/\/precisionadvisory.pt\/\",\"logo\":{\"@type\":\"ImageObject\",\"inLanguage\":\"de\",\"@id\":\"https:\/\/precisionadvisory.pt\/#\/schema\/logo\/image\/\",\"url\":\"https:\/\/precisionadvisory.pt\/wp-content\/uploads\/2025\/10\/presentation-img.jpg\",\"contentUrl\":\"https:\/\/precisionadvisory.pt\/wp-content\/uploads\/2025\/10\/presentation-img.jpg\",\"width\":300,\"height\":300,\"caption\":\"Precision Advisory- Contabilidade & Consultoria, Lda\"},\"image\":{\"@id\":\"https:\/\/precisionadvisory.pt\/#\/schema\/logo\/image\/\"}}]}<\/script>\n<!-- \/ Yoast SEO plugin. -->","yoast_head_json":{"title":"\u00dcber uns - Precision Advisory","description":"Wir sind ein Team von Fachleuten, die sich auf Buchhaltung, Steuern und Unternehmensberatung spezialisiert haben, mit Sitz in Lagoa, Algarve, Portugal","robots":{"index":"index","follow":"follow","max-snippet":"max-snippet:-1","max-image-preview":"max-image-preview:large","max-video-preview":"max-video-preview:-1"},"canonical":"https:\/\/precisionadvisory.pt\/de\/uber\/","og_locale":"de_DE","og_type":"article","og_title":"Sobre N\u00f3s - Precision Advisory","og_description":"Somos uma equipa de profissionais especializados em contabilidade, fiscalidade e consultoria de gest\u00e3o, localizados em Lagoa, Algarve, Portugal","og_url":"https:\/\/precisionadvisory.pt\/de\/uber\/","og_site_name":"Precision Advisory","article_modified_time":"2025-10-29T11:33:53+00:00","og_image":[{"width":300,"height":300,"url":"https:\/\/precisionadvisory.pt\/wp-content\/uploads\/2025\/10\/presentation-img.jpg","type":"image\/jpeg"}],"twitter_card":"summary_large_image","twitter_misc":{"Gesch\u00e4tzte Lesezeit":"2\u00a0Minuten"},"schema":{"@context":"https:\/\/schema.org","@graph":[{"@type":"WebPage","@id":"https:\/\/precisionadvisory.pt\/sobre\/","url":"https:\/\/precisionadvisory.pt\/sobre\/","name":"\u00dcber uns - Precision Advisory","isPartOf":{"@id":"https:\/\/precisionadvisory.pt\/#website"},"primaryImageOfPage":{"@id":"https:\/\/precisionadvisory.pt\/sobre\/#primaryimage"},"image":{"@id":"https:\/\/precisionadvisory.pt\/sobre\/#primaryimage"},"thumbnailUrl":"https:\/\/precisionadvisory.pt\/wp-content\/uploads\/2025\/05\/thumb.png","datePublished":"2025-07-15T06:11:11+00:00","dateModified":"2025-10-29T11:33:53+00:00","description":"Wir sind ein Team von Fachleuten, die sich auf Buchhaltung, Steuern und Unternehmensberatung spezialisiert haben, mit Sitz in Lagoa, Algarve, Portugal","breadcrumb":{"@id":"https:\/\/precisionadvisory.pt\/sobre\/#breadcrumb"},"inLanguage":"de","potentialAction":[{"@type":"ReadAction","target":["https:\/\/precisionadvisory.pt\/sobre\/"]}]},{"@type":"ImageObject","inLanguage":"de","@id":"https:\/\/precisionadvisory.pt\/sobre\/#primaryimage","url":"https:\/\/precisionadvisory.pt\/wp-content\/uploads\/2025\/05\/thumb.png","contentUrl":"https:\/\/precisionadvisory.pt\/wp-content\/uploads\/2025\/05\/thumb.png"},{"@type":"BreadcrumbList","@id":"https:\/\/precisionadvisory.pt\/sobre\/#breadcrumb","itemListElement":[{"@type":"ListItem","position":1,"name":"In\u00edcio","item":"https:\/\/precisionadvisory.pt\/"},{"@type":"ListItem","position":2,"name":"Sobre N\u00f3s"}]},{"@type":"WebSite","@id":"https:\/\/precisionadvisory.pt\/#website","url":"https:\/\/precisionadvisory.pt\/","name":"Pr\u00e4zisionsberatung","description":"Wir sind ein Team von Fachleuten, die sich auf Buchhaltung, Steuern und Unternehmensberatung spezialisiert haben, mit Sitz in Lagoa, Algarve, Portugal","publisher":{"@id":"https:\/\/precisionadvisory.pt\/#organization"},"potentialAction":[{"@type":"SearchAction","target":{"@type":"EntryPoint","urlTemplate":"https:\/\/precisionadvisory.pt\/?s={search_term_string}"},"query-input":{"@type":"PropertyValueSpecification","valueRequired":true,"valueName":"search_term_string"}}],"inLanguage":"de"},{"@type":"Organization","@id":"https:\/\/precisionadvisory.pt\/#organization","name":"Pr\u00e4zisionsberatung - Buchhaltung und Beratung, Lda","url":"https:\/\/precisionadvisory.pt\/","logo":{"@type":"ImageObject","inLanguage":"de","@id":"https:\/\/precisionadvisory.pt\/#\/schema\/logo\/image\/","url":"https:\/\/precisionadvisory.pt\/wp-content\/uploads\/2025\/10\/presentation-img.jpg","contentUrl":"https:\/\/precisionadvisory.pt\/wp-content\/uploads\/2025\/10\/presentation-img.jpg","width":300,"height":300,"caption":"Precision Advisory- Contabilidade & Consultoria, Lda"},"image":{"@id":"https:\/\/precisionadvisory.pt\/#\/schema\/logo\/image\/"}}]}},"_links":{"self":[{"href":"https:\/\/precisionadvisory.pt\/de\/wp-json\/wp\/v2\/pages\/7242","targetHints":{"allow":["GET"]}}],"collection":[{"href":"https:\/\/precisionadvisory.pt\/de\/wp-json\/wp\/v2\/pages"}],"about":[{"href":"https:\/\/precisionadvisory.pt\/de\/wp-json\/wp\/v2\/types\/page"}],"author":[{"embeddable":true,"href":"https:\/\/precisionadvisory.pt\/de\/wp-json\/wp\/v2\/users\/1"}],"replies":[{"embeddable":true,"href":"https:\/\/precisionadvisory.pt\/de\/wp-json\/wp\/v2\/comments?post=7242"}],"version-history":[{"count":19,"href":"https:\/\/precisionadvisory.pt\/de\/wp-json\/wp\/v2\/pages\/7242\/revisions"}],"predecessor-version":[{"id":13054,"href":"https:\/\/precisionadvisory.pt\/de\/wp-json\/wp\/v2\/pages\/7242\/revisions\/13054"}],"wp:attachment":[{"href":"https:\/\/precisionadvisory.pt\/de\/wp-json\/wp\/v2\/media?parent=7242"}],"curies":[{"name":"wp","href":"https:\/\/api.w.org\/{rel}","templated":true}]}}