{"id":13475,"date":"2025-12-03T10:35:49","date_gmt":"2025-12-03T10:35:49","guid":{"rendered":"https:\/\/precisionadvisory.pt\/?page_id=13475"},"modified":"2025-12-03T10:38:16","modified_gmt":"2025-12-03T10:38:16","slug":"nachrichten","status":"publish","type":"page","link":"https:\/\/precisionadvisory.pt\/de\/nachrichten\/","title":{"rendered":"Nachrichten"},"content":{"rendered":"<div data-elementor-type=\"wp-page\" data-elementor-id=\"13475\" class=\"elementor elementor-13475\">\n\t\t\t\t<div class=\"elementor-element elementor-element-6e60ce68 e-flex e-con-boxed tm-col-stretched-none tm-bg-color-over-image e-con e-parent\" data-id=\"6e60ce68\" data-element_type=\"container\">\n\t\t\t\t\t<div class=\"e-con-inner\">\n\t\t<div class=\"elementor-element elementor-element-37ea4b75 e-con-full e-flex tm-col-stretched-none tm-bg-color-over-image e-con e-child\" data-id=\"37ea4b75\" data-element_type=\"container\">\n\t\t\t\t<div class=\"elementor-element elementor-element-45b1f5f7 elementor-widget elementor-widget-tm-ele-blog\" data-id=\"45b1f5f7\" data-element_type=\"widget\" data-widget_type=\"tm-ele-blog.skin-style-current-theme1\">\n\t\t\t\t<div class=\"elementor-widget-container\">\n\t\t\t\t\t\t<div class=\"tm-sc-blog tm-sc-blog-grid\">\r\n\t\t\r\n\t\r\n\t\t<!-- Isotope Gallery Grid -->\r\n\t\t<div id=\"blog-holder-640300\" class=\"isotope-layout grid-3 gutter-15 clearfix\">\r\n\t\t\t<div class=\"isotope-layout-inner\">\r\n\r\n\t\t\t\t<!-- the loop -->\r\n\t\t\t\t\t\t\t\t\t\t\t\t\t\t\t\t<div class=\"isotope-item noticias\">\r\n\t\t\t\t\t<div class=\"isotope-item-inner\" data-wow-delay=\"\">\r\n\t\t\t\t\t\t<article class=\"post-13504 post type-post status-publish format-standard has-post-thumbnail hentry category-noticias\">\r\n\t<div class=\"blog-item-current-style1\">\r\n  <div class=\"news-image\">\r\n\r\n    <div class=\"post-thumb lightgallery-lightbox\">\r\n\t\r\n\t<div class=\"post-thumb-inner\">\r\n\t\t<div class=\"thumb\">\r\n\t\t\t<img fetchpriority=\"high\" decoding=\"async\" src=\"https:\/\/precisionadvisory.pt\/wp-content\/uploads\/2025\/12\/news_3-672x448.jpg\" width=\"672\" height=\"448\" alt=\"Die Nachfrage nach Finanzberatung steigt\"\/>\r\n\t\t<\/div>\r\n\t<\/div>\r\n\t<\/div>    <div class=\"post-thumb lightgallery-lightbox\">\r\n\t\r\n\t<div class=\"post-thumb-inner\">\r\n\t\t<div class=\"thumb\">\r\n\t\t\t<img fetchpriority=\"high\" decoding=\"async\" src=\"https:\/\/precisionadvisory.pt\/wp-content\/uploads\/2025\/12\/news_3-672x448.jpg\" width=\"672\" height=\"448\" alt=\"Die Nachfrage nach Finanzberatung steigt\"\/>\r\n\t\t<\/div>\r\n\t<\/div>\r\n\t<\/div>\r\n                    <div class=\"post-single-meta\">\r\n            \t\t\t<a href=\"https:\/\/precisionadvisory.pt\/de\/die-nachfrage-nach-finanzberatung-steigt\/\" rel=\"bookmark\"><time class=\"entry-date\" datetime=\"2025-12-03T15:46:41+00:00\"><span class=\"day\">03<\/span> <span class=\"month\">Dez.<\/span><span class=\"year\">, 2025<\/span><\/time><\/a>\t          <\/div>\r\n              \r\n  <\/div>\r\n  <div class=\"news-content\">\r\n\r\n          \t<ul class=\"entry-meta list-inline\">\r\n\t\t\t\t<li class=\"list-inline-item posted-date\"><i class=\"fa fa-calendar-o\"><\/i> <a href=\"https:\/\/precisionadvisory.pt\/de\/die-nachfrage-nach-finanzberatung-steigt\/\" rel=\"bookmark\"><time class=\"entry-date published updated\" datetime=\"2025-12-03T15:46:41+00:00\">3. Dezember 2025<\/time><\/a><\/li>\r\n\t\t<\/ul>\r\n\t    \r\n          <h4 class=\"entry-title\"><a href=\"https:\/\/precisionadvisory.pt\/de\/die-nachfrage-nach-finanzberatung-steigt\/\" rel=\"bookmark\">Die Nachfrage nach Finanzberatung steigt<\/a><\/h4>    \r\n          <div class=\"btn-view-details post-btn-readmore\">\r\n    <a href=\"https:\/\/precisionadvisory.pt\/de\/die-nachfrage-nach-finanzberatung-steigt\/\"\r\n      class=\"btn btn-plain-text-with-arrow-right btn-round\">\r\n      Weiterlesen    <\/a>\r\n<\/div>    \r\n  <\/div>\r\n<\/div><\/article>\t\t\t\t\t<\/div>\r\n\t\t\t\t<\/div>\r\n\t\t\t\t\t\t\t\t\t\t\t\t\t\t\t\t<div class=\"isotope-item noticias\">\r\n\t\t\t\t\t<div class=\"isotope-item-inner\" data-wow-delay=\"\">\r\n\t\t\t\t\t\t<article class=\"post-13494 post type-post status-publish format-standard has-post-thumbnail hentry category-noticias\">\r\n\t<div class=\"blog-item-current-style1\">\r\n  <div class=\"news-image\">\r\n\r\n    <div class=\"post-thumb lightgallery-lightbox\">\r\n\t\r\n\t<div class=\"post-thumb-inner\">\r\n\t\t<div class=\"thumb\">\r\n\t\t\t<img decoding=\"async\" src=\"https:\/\/precisionadvisory.pt\/wp-content\/uploads\/2025\/12\/news_2-672x448.jpg\" width=\"672\" height=\"448\" alt=\"\u00dcberarbeitung der EU-Koh\u00e4sionspolitik ebnet den Weg f\u00fcr neue Investitionen\"\/>\r\n\t\t<\/div>\r\n\t<\/div>\r\n\t<\/div>    <div class=\"post-thumb lightgallery-lightbox\">\r\n\t\r\n\t<div class=\"post-thumb-inner\">\r\n\t\t<div class=\"thumb\">\r\n\t\t\t<img decoding=\"async\" src=\"https:\/\/precisionadvisory.pt\/wp-content\/uploads\/2025\/12\/news_2-672x448.jpg\" width=\"672\" height=\"448\" alt=\"\u00dcberarbeitung der EU-Koh\u00e4sionspolitik ebnet den Weg f\u00fcr neue Investitionen\"\/>\r\n\t\t<\/div>\r\n\t<\/div>\r\n\t<\/div>\r\n                    <div class=\"post-single-meta\">\r\n            \t\t\t<a href=\"https:\/\/precisionadvisory.pt\/de\/uberarbeitung-der-eu-kohasionspolitik-ebnet-den-weg-fur-neue-investitionen\/\" rel=\"bookmark\"><time class=\"entry-date\" datetime=\"2025-12-03T11:49:39+00:00\"><span class=\"day\">03<\/span> <span class=\"month\">Dez.<\/span><span class=\"year\">, 2025<\/span><\/time><\/a>\t          <\/div>\r\n              \r\n  <\/div>\r\n  <div class=\"news-content\">\r\n\r\n          \t<ul class=\"entry-meta list-inline\">\r\n\t\t\t\t<li class=\"list-inline-item posted-date\"><i class=\"fa fa-calendar-o\"><\/i> <a href=\"https:\/\/precisionadvisory.pt\/de\/uberarbeitung-der-eu-kohasionspolitik-ebnet-den-weg-fur-neue-investitionen\/\" rel=\"bookmark\"><time class=\"entry-date published updated\" datetime=\"2025-12-03T11:49:39+00:00\">3. Dezember 2025<\/time><\/a><\/li>\r\n\t\t<\/ul>\r\n\t    \r\n          <h4 class=\"entry-title\"><a href=\"https:\/\/precisionadvisory.pt\/de\/uberarbeitung-der-eu-kohasionspolitik-ebnet-den-weg-fur-neue-investitionen\/\" rel=\"bookmark\">\u00dcberarbeitung der EU-Koh\u00e4sionspolitik ebnet den Weg f\u00fcr neue Investitionen<\/a><\/h4>    \r\n          <div class=\"btn-view-details post-btn-readmore\">\r\n    <a href=\"https:\/\/precisionadvisory.pt\/de\/uberarbeitung-der-eu-kohasionspolitik-ebnet-den-weg-fur-neue-investitionen\/\"\r\n      class=\"btn btn-plain-text-with-arrow-right btn-round\">\r\n      Weiterlesen    <\/a>\r\n<\/div>    \r\n  <\/div>\r\n<\/div><\/article>\t\t\t\t\t<\/div>\r\n\t\t\t\t<\/div>\r\n\t\t\t\t\t\t\t\t\t\t\t\t\t\t\t\t<div class=\"isotope-item noticias\">\r\n\t\t\t\t\t<div class=\"isotope-item-inner\" data-wow-delay=\"\">\r\n\t\t\t\t\t\t<article class=\"post-13484 post type-post status-publish format-standard has-post-thumbnail hentry category-noticias\">\r\n\t<div class=\"blog-item-current-style1\">\r\n  <div class=\"news-image\">\r\n\r\n    <div class=\"post-thumb lightgallery-lightbox\">\r\n\t\r\n\t<div class=\"post-thumb-inner\">\r\n\t\t<div class=\"thumb\">\r\n\t\t\t<img decoding=\"async\" src=\"https:\/\/precisionadvisory.pt\/wp-content\/uploads\/2025\/12\/news_eu-672x448.jpg\" width=\"672\" height=\"448\" alt=\"Neue Finanzierungsprogramme der Europ\u00e4ischen Union\"\/>\r\n\t\t<\/div>\r\n\t<\/div>\r\n\t<\/div>    <div class=\"post-thumb lightgallery-lightbox\">\r\n\t\r\n\t<div class=\"post-thumb-inner\">\r\n\t\t<div class=\"thumb\">\r\n\t\t\t<img decoding=\"async\" src=\"https:\/\/precisionadvisory.pt\/wp-content\/uploads\/2025\/12\/news_eu-672x448.jpg\" width=\"672\" height=\"448\" alt=\"Neue Finanzierungsprogramme der Europ\u00e4ischen Union\"\/>\r\n\t\t<\/div>\r\n\t<\/div>\r\n\t<\/div>\r\n                    <div class=\"post-single-meta\">\r\n            \t\t\t<a href=\"https:\/\/precisionadvisory.pt\/de\/neue-finanzierungsprogramme-der-europaischen-union\/\" rel=\"bookmark\"><time class=\"entry-date\" datetime=\"2025-12-03T10:51:55+00:00\"><span class=\"day\">03<\/span> <span class=\"month\">Dez.<\/span><span class=\"year\">, 2025<\/span><\/time><\/a>\t          <\/div>\r\n              \r\n  <\/div>\r\n  <div class=\"news-content\">\r\n\r\n          \t<ul class=\"entry-meta list-inline\">\r\n\t\t\t\t<li class=\"list-inline-item posted-date\"><i class=\"fa fa-calendar-o\"><\/i> <a href=\"https:\/\/precisionadvisory.pt\/de\/neue-finanzierungsprogramme-der-europaischen-union\/\" rel=\"bookmark\"><time class=\"entry-date published updated\" datetime=\"2025-12-03T10:51:55+00:00\">3. Dezember 2025<\/time><\/a><\/li>\r\n\t\t<\/ul>\r\n\t    \r\n          <h4 class=\"entry-title\"><a href=\"https:\/\/precisionadvisory.pt\/de\/neue-finanzierungsprogramme-der-europaischen-union\/\" rel=\"bookmark\">Neue Finanzierungsprogramme der Europ\u00e4ischen Union<\/a><\/h4>    \r\n          <div class=\"btn-view-details post-btn-readmore\">\r\n    <a href=\"https:\/\/precisionadvisory.pt\/de\/neue-finanzierungsprogramme-der-europaischen-union\/\"\r\n      class=\"btn btn-plain-text-with-arrow-right btn-round\">\r\n      Weiterlesen    <\/a>\r\n<\/div>    \r\n  <\/div>\r\n<\/div><\/article>\t\t\t\t\t<\/div>\r\n\t\t\t\t<\/div>\r\n\t\t\t\t\t\t\t\t<!-- end of the loop -->\r\n\t\t\t<\/div>\r\n\t\t<\/div>\r\n\t\t\t<\/div>\r\n\r\n\r\n\t\t\t\t<\/div>\n\t\t\t\t<\/div>\n\t\t\t\t<\/div>\n\t\t\t\t\t<\/div>\n\t\t\t\t<\/div>\n\t\t\t\t<\/div>","protected":false},"excerpt":{"rendered":"<p>Sorry, no posts matched your criteria.<\/p>","protected":false},"author":1,"featured_media":0,"parent":0,"menu_order":0,"comment_status":"closed","ping_status":"closed","template":"","meta":{"footnotes":""},"class_list":["post-13475","page","type-page","status-publish","hentry"],"yoast_head":"<!-- This site is optimized with the Yoast SEO plugin v26.4 - https:\/\/yoast.com\/wordpress\/plugins\/seo\/ -->\n<title>Not\u00edcias - Precision Advisory<\/title>\n<meta name=\"description\" content=\"Somos uma equipa de profissionais especializados em contabilidade, fiscalidade e consultoria de gest\u00e3o, localizados em Lagoa, Algarve, Portugal\" \/>\n<meta name=\"robots\" content=\"index, follow, max-snippet:-1, max-image-preview:large, max-video-preview:-1\" \/>\n<link rel=\"canonical\" href=\"https:\/\/precisionadvisory.pt\/de\/nachrichten\/\" \/>\n<meta property=\"og:locale\" content=\"de_DE\" \/>\n<meta property=\"og:type\" content=\"article\" \/>\n<meta property=\"og:title\" content=\"Not\u00edcias - Precision Advisory\" \/>\n<meta property=\"og:description\" content=\"Somos uma equipa de profissionais especializados em contabilidade, fiscalidade e consultoria de gest\u00e3o, localizados em Lagoa, Algarve, Portugal\" \/>\n<meta property=\"og:url\" content=\"https:\/\/precisionadvisory.pt\/de\/nachrichten\/\" \/>\n<meta property=\"og:site_name\" content=\"Precision Advisory\" \/>\n<meta property=\"article:modified_time\" content=\"2025-12-03T10:38:16+00:00\" \/>\n<meta property=\"og:image\" content=\"https:\/\/precisionadvisory.pt\/wp-content\/uploads\/2025\/09\/FavIcon.jpg\" \/>\n\t<meta property=\"og:image:width\" content=\"150\" \/>\n\t<meta property=\"og:image:height\" content=\"150\" \/>\n\t<meta property=\"og:image:type\" content=\"image\/jpeg\" \/>\n<meta name=\"twitter:card\" content=\"summary_large_image\" \/>\n<meta name=\"twitter:label1\" content=\"Gesch\u00e4tzte Lesezeit\" \/>\n\t<meta name=\"twitter:data1\" content=\"1\u00a0Minute\" \/>\n<script type=\"application\/ld+json\" class=\"yoast-schema-graph\">{\"@context\":\"https:\/\/schema.org\",\"@graph\":[{\"@type\":\"WebPage\",\"@id\":\"https:\/\/precisionadvisory.pt\/noticias\/\",\"url\":\"https:\/\/precisionadvisory.pt\/noticias\/\",\"name\":\"Not\u00edcias - Precision Advisory\",\"isPartOf\":{\"@id\":\"https:\/\/precisionadvisory.pt\/#website\"},\"datePublished\":\"2025-12-03T10:35:49+00:00\",\"dateModified\":\"2025-12-03T10:38:16+00:00\",\"description\":\"Somos uma equipa de profissionais especializados em contabilidade, fiscalidade e consultoria de gest\u00e3o, localizados em Lagoa, Algarve, Portugal\",\"breadcrumb\":{\"@id\":\"https:\/\/precisionadvisory.pt\/noticias\/#breadcrumb\"},\"inLanguage\":\"de\",\"potentialAction\":[{\"@type\":\"ReadAction\",\"target\":[\"https:\/\/precisionadvisory.pt\/noticias\/\"]}]},{\"@type\":\"BreadcrumbList\",\"@id\":\"https:\/\/precisionadvisory.pt\/noticias\/#breadcrumb\",\"itemListElement\":[{\"@type\":\"ListItem\",\"position\":1,\"name\":\"In\u00edcio\",\"item\":\"https:\/\/precisionadvisory.pt\/\"},{\"@type\":\"ListItem\",\"position\":2,\"name\":\"Not\u00edcias\"}]},{\"@type\":\"WebSite\",\"@id\":\"https:\/\/precisionadvisory.pt\/#website\",\"url\":\"https:\/\/precisionadvisory.pt\/\",\"name\":\"Precision Advisory\",\"description\":\"Somos uma equipa de profissionais especializados em contabilidade, fiscalidade e consultoria de gest\u00e3o, localizados em Lagoa, Algarve, Portugal\",\"publisher\":{\"@id\":\"https:\/\/precisionadvisory.pt\/#organization\"},\"potentialAction\":[{\"@type\":\"SearchAction\",\"target\":{\"@type\":\"EntryPoint\",\"urlTemplate\":\"https:\/\/precisionadvisory.pt\/?s={search_term_string}\"},\"query-input\":{\"@type\":\"PropertyValueSpecification\",\"valueRequired\":true,\"valueName\":\"search_term_string\"}}],\"inLanguage\":\"de\"},{\"@type\":\"Organization\",\"@id\":\"https:\/\/precisionadvisory.pt\/#organization\",\"name\":\"Precision Advisory- Contabilidade & Consultoria, Lda\",\"url\":\"https:\/\/precisionadvisory.pt\/\",\"logo\":{\"@type\":\"ImageObject\",\"inLanguage\":\"de\",\"@id\":\"https:\/\/precisionadvisory.pt\/#\/schema\/logo\/image\/\",\"url\":\"https:\/\/precisionadvisory.pt\/wp-content\/uploads\/2025\/10\/presentation-img.jpg\",\"contentUrl\":\"https:\/\/precisionadvisory.pt\/wp-content\/uploads\/2025\/10\/presentation-img.jpg\",\"width\":300,\"height\":300,\"caption\":\"Precision Advisory- Contabilidade & Consultoria, Lda\"},\"image\":{\"@id\":\"https:\/\/precisionadvisory.pt\/#\/schema\/logo\/image\/\"}}]}<\/script>\n<!-- \/ Yoast SEO plugin. -->","yoast_head_json":{"title":"Nachrichten \u2013 Precision Advisory","description":"Wir sind ein Team von Fachleuten, die sich auf Buchhaltung, Steuern und Unternehmensberatung spezialisiert haben, mit Sitz in Lagoa, Algarve, Portugal","robots":{"index":"index","follow":"follow","max-snippet":"max-snippet:-1","max-image-preview":"max-image-preview:large","max-video-preview":"max-video-preview:-1"},"canonical":"https:\/\/precisionadvisory.pt\/de\/nachrichten\/","og_locale":"de_DE","og_type":"article","og_title":"Not\u00edcias - Precision Advisory","og_description":"Somos uma equipa de profissionais especializados em contabilidade, fiscalidade e consultoria de gest\u00e3o, localizados em Lagoa, Algarve, Portugal","og_url":"https:\/\/precisionadvisory.pt\/de\/nachrichten\/","og_site_name":"Precision Advisory","article_modified_time":"2025-12-03T10:38:16+00:00","og_image":[{"width":150,"height":150,"url":"https:\/\/precisionadvisory.pt\/wp-content\/uploads\/2025\/09\/FavIcon.jpg","type":"image\/jpeg"}],"twitter_card":"summary_large_image","twitter_misc":{"Gesch\u00e4tzte Lesezeit":"1\u00a0Minute"},"schema":{"@context":"https:\/\/schema.org","@graph":[{"@type":"WebPage","@id":"https:\/\/precisionadvisory.pt\/noticias\/","url":"https:\/\/precisionadvisory.pt\/noticias\/","name":"Nachrichten \u2013 Precision Advisory","isPartOf":{"@id":"https:\/\/precisionadvisory.pt\/#website"},"datePublished":"2025-12-03T10:35:49+00:00","dateModified":"2025-12-03T10:38:16+00:00","description":"Wir sind ein Team von Fachleuten, die sich auf Buchhaltung, Steuern und Unternehmensberatung spezialisiert haben, mit Sitz in Lagoa, Algarve, Portugal","breadcrumb":{"@id":"https:\/\/precisionadvisory.pt\/noticias\/#breadcrumb"},"inLanguage":"de","potentialAction":[{"@type":"ReadAction","target":["https:\/\/precisionadvisory.pt\/noticias\/"]}]},{"@type":"BreadcrumbList","@id":"https:\/\/precisionadvisory.pt\/noticias\/#breadcrumb","itemListElement":[{"@type":"ListItem","position":1,"name":"In\u00edcio","item":"https:\/\/precisionadvisory.pt\/"},{"@type":"ListItem","position":2,"name":"Not\u00edcias"}]},{"@type":"WebSite","@id":"https:\/\/precisionadvisory.pt\/#website","url":"https:\/\/precisionadvisory.pt\/","name":"Pr\u00e4zisionsberatung","description":"Wir sind ein Team von Fachleuten, die sich auf Buchhaltung, Steuern und Unternehmensberatung spezialisiert haben, mit Sitz in Lagoa, Algarve, Portugal","publisher":{"@id":"https:\/\/precisionadvisory.pt\/#organization"},"potentialAction":[{"@type":"SearchAction","target":{"@type":"EntryPoint","urlTemplate":"https:\/\/precisionadvisory.pt\/?s={search_term_string}"},"query-input":{"@type":"PropertyValueSpecification","valueRequired":true,"valueName":"search_term_string"}}],"inLanguage":"de"},{"@type":"Organization","@id":"https:\/\/precisionadvisory.pt\/#organization","name":"Pr\u00e4zisionsberatung - Buchhaltung und Beratung, Lda","url":"https:\/\/precisionadvisory.pt\/","logo":{"@type":"ImageObject","inLanguage":"de","@id":"https:\/\/precisionadvisory.pt\/#\/schema\/logo\/image\/","url":"https:\/\/precisionadvisory.pt\/wp-content\/uploads\/2025\/10\/presentation-img.jpg","contentUrl":"https:\/\/precisionadvisory.pt\/wp-content\/uploads\/2025\/10\/presentation-img.jpg","width":300,"height":300,"caption":"Precision Advisory- Contabilidade & Consultoria, Lda"},"image":{"@id":"https:\/\/precisionadvisory.pt\/#\/schema\/logo\/image\/"}}]}},"_links":{"self":[{"href":"https:\/\/precisionadvisory.pt\/de\/wp-json\/wp\/v2\/pages\/13475","targetHints":{"allow":["GET"]}}],"collection":[{"href":"https:\/\/precisionadvisory.pt\/de\/wp-json\/wp\/v2\/pages"}],"about":[{"href":"https:\/\/precisionadvisory.pt\/de\/wp-json\/wp\/v2\/types\/page"}],"author":[{"embeddable":true,"href":"https:\/\/precisionadvisory.pt\/de\/wp-json\/wp\/v2\/users\/1"}],"replies":[{"embeddable":true,"href":"https:\/\/precisionadvisory.pt\/de\/wp-json\/wp\/v2\/comments?post=13475"}],"version-history":[{"count":7,"href":"https:\/\/precisionadvisory.pt\/de\/wp-json\/wp\/v2\/pages\/13475\/revisions"}],"predecessor-version":[{"id":13483,"href":"https:\/\/precisionadvisory.pt\/de\/wp-json\/wp\/v2\/pages\/13475\/revisions\/13483"}],"wp:attachment":[{"href":"https:\/\/precisionadvisory.pt\/de\/wp-json\/wp\/v2\/media?parent=13475"}],"curies":[{"name":"wp","href":"https:\/\/api.w.org\/{rel}","templated":true}]}}